{"id":12986,"date":"2020-02-05T09:23:11","date_gmt":"2020-02-05T09:23:11","guid":{"rendered":"https:\/\/estheroyal.com\/%d8%a7%d8%aa%d8%b5%d9%84-%d8%a8%d9%86%d8%a7\/"},"modified":"2023-09-17T17:24:31","modified_gmt":"2023-09-17T17:24:31","slug":"%d8%a7%d8%aa%d8%b5%d9%84-%d8%a8%d9%86%d8%a7","status":"publish","type":"page","link":"https:\/\/estheroyal.com\/ar\/%d8%a7%d8%aa%d8%b5%d9%84-%d8%a8%d9%86%d8%a7\/","title":{"rendered":"\u0627\u062a\u0635\u0644 \u0628\u0646\u0627"},"content":{"rendered":"\t\t<div data-elementor-type=\"wp-page\" data-elementor-id=\"12986\" class=\"elementor elementor-12986 elementor-334\" data-elementor-post-type=\"page\">\n\t\t\t\t\t\t<section class=\"elementor-section elementor-top-section elementor-element elementor-element-3054531 qodef-elementor-content-grid elementor-section-boxed elementor-section-height-default elementor-section-height-default\" data-id=\"3054531\" data-element_type=\"section\">\n\t\t\t\t\t\t<div class=\"elementor-container elementor-column-gap-default\">\n\t\t\t\t\t<div class=\"elementor-column elementor-col-100 elementor-top-column elementor-element elementor-element-b4d3d88\" data-id=\"b4d3d88\" data-element_type=\"column\" data-settings=\"{&quot;background_background&quot;:&quot;classic&quot;}\">\n\t\t\t<div class=\"elementor-widget-wrap elementor-element-populated\">\n\t\t\t\t\t\t<div class=\"elementor-element elementor-element-d7e54be elementor-widget elementor-widget-qi_addons_for_elementor_icon_with_text\" data-id=\"d7e54be\" data-element_type=\"widget\" data-widget_type=\"qi_addons_for_elementor_icon_with_text.default\">\n\t\t\t\t<div class=\"elementor-widget-container\">\n\t\t\t\t\t<div class=\"qodef-shortcode qodef-m qodef-qi-icon-with-text qodef-layout--top qodef--icon-pack qodef-alignment--center\" >\n\t\t\t<div class=\"qodef-m-icon-wrapper\">\n\t\t\t\t<div class=\"qodef-m-icon-holder\">\n\t\t<i aria-hidden=\"true\" class=\"fas fa-info-circle\"><\/i>\t<\/div>\n\t\t<\/div>\n\t\t<div class=\"qodef-m-content\">\n\t\t\t\t\t<h4 class=\"qodef-m-title\">\n\t\t\t\t\t<span class=\"qodef-m-title-text\">OHC \u0627\u0644\u062e\u062f\u0645\u0627\u062a \u0627\u0644\u0635\u062d\u064a\u0629 \u0627\u0644\u062a\u0634\u063a\u064a\u0644\u064a\u0629 \u063a\u0631\u0641\u0629 \u0627\u0644\u062a\u062c\u0627\u0631\u0629. \u0634\u0631\u0643\u0629 \u0644\u064a\u0645\u064a\u062a\u0627\u062f.<\/span>\n\t\t\t<\/h4>\n\t\t\t\t\t<\/div>\n<\/div>\n\t\t\t\t<\/div>\n\t\t\t\t<\/div>\n\t\t\t\t\t<\/div>\n\t\t<\/div>\n\t\t\t\t\t<\/div>\n\t\t<\/section>\n\t\t\t\t<section class=\"elementor-section elementor-top-section elementor-element elementor-element-9ec09ca qodef-elementor-content-grid elementor-section-boxed elementor-section-height-default elementor-section-height-default\" data-id=\"9ec09ca\" data-element_type=\"section\">\n\t\t\t\t\t\t<div class=\"elementor-container elementor-column-gap-default\">\n\t\t\t\t\t<div class=\"elementor-column elementor-col-33 elementor-top-column elementor-element elementor-element-358a6c2\" data-id=\"358a6c2\" data-element_type=\"column\">\n\t\t\t<div class=\"elementor-widget-wrap elementor-element-populated\">\n\t\t\t\t\t\t<div class=\"elementor-element elementor-element-f8daf87 elementor-widget elementor-widget-qi_addons_for_elementor_info_cards\" data-id=\"f8daf87\" data-element_type=\"widget\" data-widget_type=\"qi_addons_for_elementor_info_cards.default\">\n\t\t\t\t<div class=\"elementor-widget-container\">\n\t\t\t\t\t<div class=\"qodef-shortcode qodef-m qodef-qi-info-cards qodef-layout--top qodef-link-overlay qodef--icon-pack\">\n\t\t\t<div class=\"qodef-m-icon-wrapper\">\n\t\t\t\t<a itemprop=\"url\" href=\"tel:+902167590969\" target=\"_self\">\n\t\t<div class=\"qodef-m-icon-holder\">\n\t\t\t<i aria-hidden=\"true\" class=\"fas fa-phone-alt\"><\/i>\t\t<\/div>\n\t<\/a>\n\t\t<\/div>\n\t\t<div class=\"qodef-m-content\">\n\t\t\t<h4 class=\"qodef-m-subtitle\">\n\t\t\u0627\u062a\u0635\u0644 \u0628\u0646\u0627\t<\/h4>\n\t\t\t<h6 class=\"qodef-m-title\">\n\t\t\t\t\t<a itemprop=\"url\" href=\"tel:+902167590969\" target=\"_self\">\n\t\t\t\t\t\u064a\u0631\u062c\u0649 \u0627\u0644\u0627\u062a\u0635\u0627\u0644 \u0648\u0633\u0646\u0643\u0648\u0646 \u0633\u0639\u062f\u0627\u0621 \u0644\u0645\u0633\u0627\u0639\u062f\u062a\u0643.\t\t\t\t\t<\/a>\n\t\t\t<\/h6>\n\t\t\t<\/div>\n\t\t<div class=\"qodef-m-button qodef-qi-clear\">\n\t\t<a class=\"qodef-shortcode qodef-m qodef-qi-button qodef-html--link qodef-layout--textual qodef-type--standard qodef-icon--right qodef-hover--icon-move-horizontal-short\" href=\"tel:+902167590969\" target=\"_self\">\t<span class=\"qodef-m-text\">+90 216 759 09 69<\/span>\t<\/a>\t<\/div>\n\t\t\t<a class=\"qodef-m-link\" href=\"tel:+902167590969\" target=\"_self\"><\/a>\n\t<\/div>\n\t\t\t\t<\/div>\n\t\t\t\t<\/div>\n\t\t\t\t\t<\/div>\n\t\t<\/div>\n\t\t\t\t<div class=\"elementor-column elementor-col-33 elementor-top-column elementor-element elementor-element-3b7b2e6\" data-id=\"3b7b2e6\" data-element_type=\"column\">\n\t\t\t<div class=\"elementor-widget-wrap elementor-element-populated\">\n\t\t\t\t\t\t<div class=\"elementor-element elementor-element-3a46507 elementor-widget elementor-widget-qi_addons_for_elementor_info_cards\" data-id=\"3a46507\" data-element_type=\"widget\" data-widget_type=\"qi_addons_for_elementor_info_cards.default\">\n\t\t\t\t<div class=\"elementor-widget-container\">\n\t\t\t\t\t<div class=\"qodef-shortcode qodef-m qodef-qi-info-cards qodef-layout--top qodef-link-overlay qodef--icon-pack\">\n\t\t\t<div class=\"qodef-m-icon-wrapper\">\n\t\t\t\t<a itemprop=\"url\" href=\"mailto:contact@estheroyal.com\" target=\"_self\">\n\t\t<div class=\"qodef-m-icon-holder\">\n\t\t\t<i aria-hidden=\"true\" class=\"fas fa-envelope\"><\/i>\t\t<\/div>\n\t<\/a>\n\t\t<\/div>\n\t\t<div class=\"qodef-m-content\">\n\t\t\t<h4 class=\"qodef-m-subtitle\">\n\t\t\u0627\u0644\u0628\u0631\u064a\u062f \u0627\u0644\u0625\u0644\u0643\u062a\u0631\u0648\u0646\u064a\t<\/h4>\n\t\t\t<h6 class=\"qodef-m-title\">\n\t\t\t\t\t<a itemprop=\"url\" href=\"mailto:contact@estheroyal.com\" target=\"_self\">\n\t\t\t\t\t\u064a\u0631\u062c\u0649 \u0627\u0644\u0627\u062a\u0635\u0627\u0644 \u0648\u0633\u0646\u0643\u0648\u0646 \u0633\u0639\u062f\u0627\u0621 \u0644\u0645\u0633\u0627\u0639\u062f\u062a\u0643.\t\t\t\t\t<\/a>\n\t\t\t<\/h6>\n\t\t\t<\/div>\n\t\t<div class=\"qodef-m-button qodef-qi-clear\">\n\t\t<a class=\"qodef-shortcode qodef-m qodef-qi-button qodef-html--link qodef-layout--textual qodef-type--standard qodef-icon--right qodef-hover--icon-move-horizontal-short\" href=\"mailto:contact@estheroyal.com\" target=\"_self\">\t<span class=\"qodef-m-text\">contact@estheroyal.com &nbsp;&nbsp;&nbsp;&nbsp;&nbsp;&nbsp;&nbsp;&nbsp;&nbsp;&nbsp;&nbsp;&nbsp;&nbsp;&nbsp;&nbsp;&nbsp;&nbsp;&nbsp;&nbsp;&nbsp;&nbsp;&nbsp;&nbsp;&nbsp;&nbsp;&nbsp;&nbsp;&nbsp;&nbsp;&nbsp;&nbsp;&nbsp;&nbsp;&nbsp;&nbsp;&nbsp;&nbsp;&nbsp;&nbsp;&nbsp;&nbsp;&nbsp;&nbsp;&nbsp;&nbsp;&nbsp;&nbsp;&nbsp;&nbsp;&nbsp;&nbsp;&nbsp;<\/span>\t<\/a>\t<\/div>\n\t\t\t<a class=\"qodef-m-link\" href=\"mailto:contact@estheroyal.com\" target=\"_self\"><\/a>\n\t<\/div>\n\t\t\t\t<\/div>\n\t\t\t\t<\/div>\n\t\t\t\t\t<\/div>\n\t\t<\/div>\n\t\t\t\t<div class=\"elementor-column elementor-col-33 elementor-top-column elementor-element elementor-element-f835b94\" data-id=\"f835b94\" data-element_type=\"column\">\n\t\t\t<div class=\"elementor-widget-wrap elementor-element-populated\">\n\t\t\t\t\t\t<div class=\"elementor-element elementor-element-36a7de7 elementor-widget elementor-widget-qi_addons_for_elementor_info_cards\" data-id=\"36a7de7\" data-element_type=\"widget\" data-widget_type=\"qi_addons_for_elementor_info_cards.default\">\n\t\t\t\t<div class=\"elementor-widget-container\">\n\t\t\t\t\t<div class=\"qodef-shortcode qodef-m qodef-qi-info-cards qodef-layout--top qodef-link-overlay qodef--icon-pack\">\n\t\t\t<div class=\"qodef-m-icon-wrapper\">\n\t\t\t\t<a itemprop=\"url\" href=\"https:\/\/www.google.com\/maps?ll=40.981931,29.108142&#038;z=15&#038;t=m&#038;hl=tr&#038;gl=TR&#038;mapclient=embed&#038;cid=16609695819871519317\" target=\"_self\" rel=\"noopener\">\n\t\t<div class=\"qodef-m-icon-holder\">\n\t\t\t<i aria-hidden=\"true\" class=\"fas fa-map-marker-alt\"><\/i>\t\t<\/div>\n\t<\/a>\n\t\t<\/div>\n\t\t<div class=\"qodef-m-content\">\n\t\t\t<h4 class=\"qodef-m-subtitle\">\n\t\t\u0645\u0648\u0642\u0639\t<\/h4>\n\t\t\t<h6 class=\"qodef-m-title\">\n\t\t\t\t\t<a itemprop=\"url\" href=\"https:\/\/www.google.com\/maps?ll=40.981931,29.108142&#038;z=15&#038;t=m&#038;hl=tr&#038;gl=TR&#038;mapclient=embed&#038;cid=16609695819871519317\" target=\"_self\" rel=\"noopener\">\n\t\t\t\t\t\u062a\u0641\u0636\u0644 \u0628\u0632\u064a\u0627\u0631\u062a\u0646\u0627 \u0648\u0633\u0646\u0643\u0648\u0646 \u0633\u0639\u062f\u0627\u0621 \u0644\u0645\u0633\u0627\u0639\u062f\u062a\u0643\t\t\t\t\t<\/a>\n\t\t\t<\/h6>\n\t\t\t<\/div>\n\t\t<div class=\"qodef-m-button qodef-qi-clear\">\n\t\t<a class=\"qodef-shortcode qodef-m qodef-qi-button qodef-html--link qodef-layout--textual qodef-type--standard qodef-icon--right qodef-hover--icon-move-horizontal-short\" href=\"https:\/\/www.google.com\/maps?ll=40.981931,29.108142&#038;z=15&#038;t=m&#038;hl=tr&#038;gl=TR&#038;mapclient=embed&#038;cid=16609695819871519317\" target=\"_self\" rel=\"noopener\">\t<span class=\"qodef-m-text\">K\u00fc\u00e7\u00fckbakkalk\u00f6y mah. Ali Ay sk. no: 25\/13 Ata\u015fehir\/ \u0130stanbul<\/span>\t<\/a>\t<\/div>\n\t\t\t<a class=\"qodef-m-link\" href=\"https:\/\/www.google.com\/maps?ll=40.981931,29.108142&#038;z=15&#038;t=m&#038;hl=tr&#038;gl=TR&#038;mapclient=embed&#038;cid=16609695819871519317\" target=\"_self\" rel=\"noopener\"><\/a>\n\t<\/div>\n\t\t\t\t<\/div>\n\t\t\t\t<\/div>\n\t\t\t\t\t<\/div>\n\t\t<\/div>\n\t\t\t\t\t<\/div>\n\t\t<\/section>\n\t\t\t\t<section class=\"elementor-section elementor-top-section elementor-element elementor-element-4f21bdd qodef-elementor-content-grid elementor-section-boxed elementor-section-height-default elementor-section-height-default\" data-id=\"4f21bdd\" data-element_type=\"section\">\n\t\t\t\t\t\t<div class=\"elementor-container elementor-column-gap-default\">\n\t\t\t\t\t<div class=\"elementor-column elementor-col-100 elementor-top-column elementor-element elementor-element-36eeb96\" data-id=\"36eeb96\" data-element_type=\"column\">\n\t\t\t<div class=\"elementor-widget-wrap elementor-element-populated\">\n\t\t\t\t\t\t<div class=\"elementor-element elementor-element-859b11f elementor-widget elementor-widget-touchup_core_section_title\" data-id=\"859b11f\" data-element_type=\"widget\" data-widget_type=\"touchup_core_section_title.default\">\n\t\t\t\t<div class=\"elementor-widget-container\">\n\t\t\t\t\t<div class=\"qodef-shortcode qodef-m  qodef-section-title qodef-alignment--center  \">\n\t\t<h3 class=\"qodef-m-title\" >\n\t\t\t\t\t\u0646\u062d\u0646 \u0646\u062d\u0628 \u0623\u0646 \u0646\u0633\u0645\u0639 \u0645\u0646\u0643\t\t\t<\/h3>\n\t\t<p class=\"qodef-m-text\" >\u064a\u0631\u062c\u0649 \u0627\u0644\u0627\u062a\u0635\u0627\u0644 \u0623\u0648 \u0627\u0644\u0628\u0631\u064a\u062f \u0627\u0644\u0625\u0644\u0643\u062a\u0631\u0648\u0646\u064a \u0646\u0645\u0648\u0630\u062c \u0627\u0644\u0627\u062a\u0635\u0627\u0644 \u060c \u0648\u0646\u062d\u0646 \u0633\u0648\u0641 \u0646\u0643\u0648\u0646 \u0633\u0639\u062f\u0627\u0621 \u0644\u0645\u0633\u0627\u0639\u062f\u062a\u0643.\n\n<\/p>\n<\/div>\t\t\t\t<\/div>\n\t\t\t\t<\/div>\n\t\t\t\t<div class=\"elementor-element elementor-element-ed35423 elementor-widget elementor-widget-wpforms\" data-id=\"ed35423\" data-element_type=\"widget\" data-widget_type=\"wpforms.default\">\n\t\t\t\t<div class=\"elementor-widget-container\">\n\t\t\t\t\t<style id=\"wpforms-css-vars-elementor-widget-ed35423\">\n\t\t\t\t.elementor-widget-wpforms.elementor-element-ed35423 {\n\t\t\t\t--wpforms-field-size-input-height: 43px;\n--wpforms-field-size-input-spacing: 15px;\n--wpforms-field-size-font-size: 16px;\n--wpforms-field-size-line-height: 19px;\n--wpforms-field-size-padding-h: 14px;\n--wpforms-field-size-checkbox-size: 16px;\n--wpforms-field-size-sublabel-spacing: 5px;\n--wpforms-field-size-icon-size: 1;\n--wpforms-label-size-font-size: 16px;\n--wpforms-label-size-line-height: 19px;\n--wpforms-label-size-sublabel-font-size: 14px;\n--wpforms-label-size-sublabel-line-height: 17px;\n--wpforms-button-size-font-size: 17px;\n--wpforms-button-size-height: 41px;\n--wpforms-button-size-padding-h: 15px;\n--wpforms-button-size-margin-top: 10px;\n\n\t\t\t}\n\t\t\t<\/style><div class=\"wpforms-container wpforms-container-full wpforms-render-modern\" id=\"wpforms-13864\"><form id=\"wpforms-form-13864\" class=\"wpforms-validate wpforms-form wpforms-ajax-form\" data-formid=\"13864\" method=\"post\" enctype=\"multipart\/form-data\" action=\"\/ar\/wp-json\/wp\/v2\/pages\/12986\" data-token=\"8470c1bcc0ff8281c2b35f68aa67e083\" data-token-time=\"1776821067\"><noscript class=\"wpforms-error-noscript\">Please enable JavaScript in your browser to complete this form.<\/noscript><div class=\"wpforms-hidden\" id=\"wpforms-error-noscript\">Please enable JavaScript in your browser to complete this form.<\/div><div class=\"wpforms-field-container\"><div id=\"wpforms-13864-field_6-container\" class=\"wpforms-field wpforms-field-layout\" data-field-id=\"6\"><div class=\"wpforms-field-layout-columns wpforms-field-layout-preset-50-50\"><div class=\"wpforms-layout-column wpforms-layout-column-50\" ><div id=\"wpforms-13864-field_1-container\" class=\"wpforms-field wpforms-field-text\" data-field-id=\"1\"><label class=\"wpforms-field-label wpforms-label-hide\" for=\"wpforms-13864-field_1\" aria-hidden=\"false\">Name <span class=\"wpforms-required-label\" aria-hidden=\"true\">*<\/span><\/label><input type=\"text\" id=\"wpforms-13864-field_1\" class=\"wpforms-field-medium wpforms-field-required\" name=\"wpforms[fields][1]\" placeholder=\"\u0627\u0644\u0627\u0633\u0645\" aria-errormessage=\"wpforms-13864-field_1-error\" required><\/div><div id=\"wpforms-13864-field_3-container\" class=\"wpforms-field wpforms-field-phone\" data-field-id=\"3\"><label class=\"wpforms-field-label wpforms-label-hide\" for=\"wpforms-13864-field_3\" aria-hidden=\"false\">Phone <span class=\"wpforms-required-label\" aria-hidden=\"true\">*<\/span><\/label><input type=\"tel\" id=\"wpforms-13864-field_3\" class=\"wpforms-field-medium wpforms-field-required wpforms-smart-phone-field\" data-rule-smart-phone-field=\"true\" name=\"wpforms[fields][3]\" placeholder=\"\u0627\u0644\u0647\u0627\u062a\u0641\" aria-label=\"Phone\" aria-errormessage=\"wpforms-13864-field_3-error\" required><\/div><\/div><div class=\"wpforms-layout-column wpforms-layout-column-50\" ><div id=\"wpforms-13864-field_2-container\" class=\"wpforms-field wpforms-field-email\" data-field-id=\"2\"><label class=\"wpforms-field-label wpforms-label-hide\" for=\"wpforms-13864-field_2\" aria-hidden=\"false\">Email <span class=\"wpforms-required-label\" aria-hidden=\"true\">*<\/span><\/label><input type=\"email\" id=\"wpforms-13864-field_2\" class=\"wpforms-field-medium wpforms-field-required\" name=\"wpforms[fields][2]\" placeholder=\"E-mail*\" spellcheck=\"false\" aria-errormessage=\"wpforms-13864-field_2-error\" required><\/div><div id=\"wpforms-13864-field_4-container\" class=\"wpforms-field wpforms-field-select wpforms-field-select-style-classic\" data-field-id=\"4\"><label class=\"wpforms-field-label wpforms-label-hide\" for=\"wpforms-13864-field_4\" aria-hidden=\"false\">Department<\/label><select id=\"wpforms-13864-field_4\" class=\"wpforms-field-medium\" name=\"wpforms[fields][4]\"><option value=\"\" class=\"placeholder\" disabled  selected='selected'>\u0627\u062e\u062a\u0631 \u0627\u0644\u0642\u0633\u0645<\/option><option value=\"\u062c\u0645\u0627\u0644\u064a\u0627\u062a \u0627\u0644\u0648\u062c\u0647\" >\u062c\u0645\u0627\u0644\u064a\u0627\u062a \u0627\u0644\u0648\u062c\u0647<\/option><option value=\"\u062c\u0631\u0627\u062d\u0629 \u0627\u0644\u062b\u062f\u064a\" >\u062c\u0631\u0627\u062d\u0629 \u0627\u0644\u062b\u062f\u064a<\/option><option value=\"\u062c\u0631\u0627\u062d\u0627\u062a \u0627\u0644\u062a\u0645\u062b\u064a\u0644 \u0627\u0644\u063a\u0630\u0627\u0626\u064a\" >\u062c\u0631\u0627\u062d\u0627\u062a \u0627\u0644\u062a\u0645\u062b\u064a\u0644 \u0627\u0644\u063a\u0630\u0627\u0626\u064a<\/option><option value=\"\u062c\u0631\u0627\u062d\u0629 \u0627\u0644\u062c\u0633\u0645\" >\u062c\u0631\u0627\u062d\u0629 \u0627\u0644\u062c\u0633\u0645<\/option><option value=\"\u0632\u0631\u0627\u0639\u0629 \u0627\u0644\u0634\u0639\u0631\" >\u0632\u0631\u0627\u0639\u0629 \u0627\u0644\u0634\u0639\u0631<\/option><option value=\"\u062c\u0631\u0627\u062d\u0629 \u0627\u0644\u0639\u064a\u0648\u0646\" >\u062c\u0631\u0627\u062d\u0629 \u0627\u0644\u0639\u064a\u0648\u0646<\/option><option value=\"\u0637\u0628 \u0627\u0644\u0623\u0633\u0646\u0627\u0646 \u0627\u0644\u062a\u062c\u0645\u064a\u0644\u064a\" >\u0637\u0628 \u0627\u0644\u0623\u0633\u0646\u0627\u0646 \u0627\u0644\u062a\u062c\u0645\u064a\u0644\u064a<\/option><option value=\"\u0623\u062e\u0631\u0649\" >\u0623\u062e\u0631\u0649<\/option><\/select><\/div><\/div><\/div><\/div><div id=\"wpforms-13864-field_5-container\" class=\"wpforms-field wpforms-field-textarea\" data-field-id=\"5\"><label class=\"wpforms-field-label wpforms-label-hide\" for=\"wpforms-13864-field_5\" aria-hidden=\"false\">Message<\/label><textarea id=\"wpforms-13864-field_5\" class=\"wpforms-field-medium\" name=\"wpforms[fields][5]\" placeholder=\"\u0627\u0644\u0631\u0633\u0627\u0644\u0629\" aria-errormessage=\"wpforms-13864-field_5-error\" ><\/textarea><\/div><\/div><!-- .wpforms-field-container --><div class=\"wpforms-recaptcha-container wpforms-is-recaptcha wpforms-is-recaptcha-type-v2\" ><div class=\"g-recaptcha\" data-sitekey=\"6LfECVQsAAAAAKrc6-s3IG3fZDrobQxPQiLAAWZ0\"><\/div><input type=\"text\" name=\"g-recaptcha-hidden\" class=\"wpforms-recaptcha-hidden\" style=\"position:absolute!important;clip:rect(0,0,0,0)!important;height:1px!important;width:1px!important;border:0!important;overflow:hidden!important;padding:0!important;margin:0!important;\" data-rule-recaptcha=\"1\"><\/div><div class=\"wpforms-submit-container\" ><input type=\"hidden\" name=\"wpforms[id]\" value=\"13864\"><input type=\"hidden\" name=\"page_title\" value=\"\"><input type=\"hidden\" name=\"page_url\" value=\"https:\/\/estheroyal.com\/ar\/wp-json\/wp\/v2\/pages\/12986\"><button type=\"submit\" name=\"wpforms[submit]\" id=\"wpforms-submit-13864\" class=\"wpforms-submit\" data-alt-text=\"Sending...\" data-submit-text=\"\u0627\u0631\u0633\u0644 \u0631\u0633\u0627\u0644\u0629\" aria-live=\"assertive\" value=\"wpforms-submit\">\u0627\u0631\u0633\u0644 \u0631\u0633\u0627\u0644\u0629<\/button><img decoding=\"async\" src=\"https:\/\/estheroyal.com\/wp-content\/plugins\/wpforms\/assets\/images\/submit-spin.svg\" class=\"wpforms-submit-spinner\" style=\"display: none;\" width=\"26\" height=\"26\" alt=\"Loading\"><\/div><\/form><\/div>  <!-- .wpforms-container -->\t\t\t\t<\/div>\n\t\t\t\t<\/div>\n\t\t\t\t\t<\/div>\n\t\t<\/div>\n\t\t\t\t\t<\/div>\n\t\t<\/section>\n\t\t\t\t<section class=\"elementor-section elementor-top-section elementor-element elementor-element-3166f9d elementor-section-full_width elementor-section-height-default elementor-section-height-default qodef-elementor-content-no\" data-id=\"3166f9d\" data-element_type=\"section\">\n\t\t\t\t\t\t<div class=\"elementor-container elementor-column-gap-default\">\n\t\t\t\t\t<div class=\"elementor-column elementor-col-100 elementor-top-column elementor-element elementor-element-6674ee1\" data-id=\"6674ee1\" data-element_type=\"column\">\n\t\t\t<div class=\"elementor-widget-wrap elementor-element-populated\">\n\t\t\t\t\t\t<div class=\"elementor-element elementor-element-7d69828 elementor-widget elementor-widget-touchup_core_google_map\" data-id=\"7d69828\" data-element_type=\"widget\" data-widget_type=\"touchup_core_google_map.default\">\n\t\t\t\t<div class=\"elementor-widget-container\">\n\t\t\t\t\t<div class=\"qodef-shortcode qodef-m  qodef-google-map\">\n\t<div class=\"qodef-m-map\" id=\"qodef-map-id--648\" data-addresses='[\"K\u00fc\u00e7\u00fckbakkalk\u00f6y mah. Ali Ay sk. no: 25\/13 Ata\u015fehir\/ \u0130stanbul\"]' data-pin=https:\/\/estheroyal.com\/wp-content\/uploads\/2022\/11\/map-pin.png data-unique-id=648 data-height=400><\/div>\n<\/div>\t\t\t\t<\/div>\n\t\t\t\t<\/div>\n\t\t\t\t\t<\/div>\n\t\t<\/div>\n\t\t\t\t\t<\/div>\n\t\t<\/section>\n\t\t\t\t<section class=\"elementor-section elementor-top-section elementor-element elementor-element-5715e8f qodef-elementor-content-grid elementor-hidden-desktop elementor-hidden-tablet elementor-hidden-mobile elementor-section-boxed elementor-section-height-default elementor-section-height-default\" data-id=\"5715e8f\" data-element_type=\"section\" data-settings=\"{&quot;background_background&quot;:&quot;classic&quot;}\">\n\t\t\t\t\t\t<div class=\"elementor-container elementor-column-gap-default\">\n\t\t\t\t\t<div class=\"elementor-column elementor-col-100 elementor-top-column elementor-element elementor-element-09faf5d\" data-id=\"09faf5d\" data-element_type=\"column\">\n\t\t\t<div class=\"elementor-widget-wrap elementor-element-populated\">\n\t\t\t\t\t\t<div class=\"elementor-element elementor-element-f5669d5 qodef-link-hover-underline-holder-thick elementor-widget elementor-widget-touchup_core_call_to_action\" data-id=\"f5669d5\" data-element_type=\"widget\" data-widget_type=\"touchup_core_call_to_action.default\">\n\t\t\t\t<div class=\"elementor-widget-container\">\n\t\t\t\t\t<div class=\"qodef-shortcode qodef-m  qodef-call-to-action qodef-layout--standard qodef-style--stretched \">\n\t<div class=\"qodef-m-inner\">\n\t\t<div class=\"qodef-m-content-holder\">\n\t\t\t\t<h3 class=\"qodef-m-title\" style=\"color: #FFFFFF\">\n\tCONTACT DETAILS <a href=\"tel:(+90)216 759 0969\">+90 216 759 09 69<\/a>\t<\/h3>\n\t\t\t\t<div class=\"qodef-m-content\" style=\"color: #FFFFFF\">Please call  we will be happy to assist you.\n\n<\/div>\n\t\t<\/div>\n\t\t\t<div class=\"qodef-m-button\">\n\t\t<a class=\"qodef-shortcode qodef-m  qodef-button qodef-layout--outlined qodef-size--large qodef-html--link\" href=\"\" target=\"_self\" data-hover-color=\"#FFFFFF\" data-hover-background-color=\"rgba(255, 255, 255, 0.4)\" data-hover-border-color=\"rgba(255, 255, 255, 0)\" style=\"color: #FFFFFF;border-color: #FFFFFF\">\t<span class=\"qodef-m-text\">Call Now<\/span><\/a>\t<\/div>\n\t<\/div>\n<\/div>\t\t\t\t<\/div>\n\t\t\t\t<\/div>\n\t\t\t\t\t<\/div>\n\t\t<\/div>\n\t\t\t\t\t<\/div>\n\t\t<\/section>\n\t\t\t\t<\/div>\n\t\t","protected":false},"excerpt":{"rendered":"<p>OHC \u0627\u0644\u062e\u062f\u0645\u0627\u062a \u0627\u0644\u0635\u062d\u064a\u0629 \u0627\u0644\u062a\u0634\u063a\u064a\u0644\u064a\u0629 \u063a\u0631\u0641\u0629 \u0627\u0644\u062a\u062c\u0627\u0631\u0629. \u0634\u0631\u0643\u0629 \u0644\u064a\u0645\u064a\u062a\u0627\u062f. \u0627\u062a\u0635\u0644 \u0628\u0646\u0627 \u064a\u0631\u062c\u0649 \u0627\u0644\u0627\u062a\u0635\u0627\u0644 \u0648\u0633\u0646\u0643\u0648\u0646 \u0633\u0639\u062f\u0627\u0621 \u0644\u0645\u0633\u0627\u0639\u062f\u062a\u0643. +90 216 759 09 69 \u0627\u0644\u0628\u0631\u064a\u062f \u0627\u0644\u0625\u0644\u0643\u062a\u0631\u0648\u0646\u064a \u064a\u0631\u062c\u0649 \u0627\u0644\u0627\u062a\u0635\u0627\u0644 \u0648\u0633\u0646\u0643\u0648\u0646 \u0633\u0639\u062f\u0627\u0621 \u0644\u0645\u0633\u0627\u0639\u062f\u062a\u0643. contact@estheroyal.com &nbsp;&nbsp;&nbsp;&nbsp;&nbsp;&nbsp;&nbsp;&nbsp;&nbsp;&nbsp;&nbsp;&nbsp;&nbsp;&nbsp;&nbsp;&nbsp;&nbsp;&nbsp;&nbsp;&nbsp;&nbsp;&nbsp;&nbsp;&nbsp;&nbsp;&nbsp;&nbsp;&nbsp;&nbsp;&nbsp;&nbsp;&nbsp;&nbsp;&nbsp;&nbsp;&nbsp;&nbsp;&nbsp;&nbsp;&nbsp;&nbsp;&nbsp;&nbsp;&nbsp;&nbsp;&nbsp;&nbsp;&nbsp;&nbsp;&nbsp;&nbsp;&nbsp; \u0645\u0648\u0642\u0639 \u062a\u0641\u0636\u0644 \u0628\u0632\u064a\u0627\u0631\u062a\u0646\u0627 \u0648\u0633\u0646\u0643\u0648\u0646 \u0633\u0639\u062f\u0627\u0621 \u0644\u0645\u0633\u0627\u0639\u062f\u062a\u0643 K\u00fc\u00e7\u00fckbakkalk\u00f6y mah. Ali Ay sk. no: 25\/13 Ata\u015fehir\/ \u0130stanbul \u0646\u062d\u0646 \u0646\u062d\u0628 \u0623\u0646 \u0646\u0633\u0645\u0639 \u0645\u0646\u0643 \u064a\u0631\u062c\u0649 \u0627\u0644\u0627\u062a\u0635\u0627\u0644 \u0623\u0648 \u0627\u0644\u0628\u0631\u064a\u062f \u0627\u0644\u0625\u0644\u0643\u062a\u0631\u0648\u0646\u064a \u0646\u0645\u0648\u0630\u062c [&hellip;]<\/p>\n","protected":false},"author":1,"featured_media":0,"parent":0,"menu_order":0,"comment_status":"closed","ping_status":"closed","template":"page-full-width.php","meta":{"footnotes":""},"class_list":["post-12986","page","type-page","status-publish","hentry"],"_links":{"self":[{"href":"https:\/\/estheroyal.com\/ar\/wp-json\/wp\/v2\/pages\/12986","targetHints":{"allow":["GET"]}}],"collection":[{"href":"https:\/\/estheroyal.com\/ar\/wp-json\/wp\/v2\/pages"}],"about":[{"href":"https:\/\/estheroyal.com\/ar\/wp-json\/wp\/v2\/types\/page"}],"author":[{"embeddable":true,"href":"https:\/\/estheroyal.com\/ar\/wp-json\/wp\/v2\/users\/1"}],"replies":[{"embeddable":true,"href":"https:\/\/estheroyal.com\/ar\/wp-json\/wp\/v2\/comments?post=12986"}],"version-history":[{"count":3,"href":"https:\/\/estheroyal.com\/ar\/wp-json\/wp\/v2\/pages\/12986\/revisions"}],"predecessor-version":[{"id":13946,"href":"https:\/\/estheroyal.com\/ar\/wp-json\/wp\/v2\/pages\/12986\/revisions\/13946"}],"wp:attachment":[{"href":"https:\/\/estheroyal.com\/ar\/wp-json\/wp\/v2\/media?parent=12986"}],"curies":[{"name":"wp","href":"https:\/\/api.w.org\/{rel}","templated":true}]}}