{"id":12118,"date":"2022-11-04T09:52:06","date_gmt":"2022-11-04T09:52:06","guid":{"rendered":"https:\/\/estheroyal.com\/blog\/"},"modified":"2023-01-17T00:45:15","modified_gmt":"2023-01-17T00:45:15","slug":"blog","status":"publish","type":"page","link":"https:\/\/estheroyal.com\/fr\/blog\/","title":{"rendered":"Blog"},"content":{"rendered":"\t\t<div data-elementor-type=\"wp-page\" data-elementor-id=\"12118\" class=\"elementor elementor-12118 elementor-3852\" data-elementor-post-type=\"page\">\n\t\t\t\t\t\t<section class=\"elementor-section elementor-top-section elementor-element elementor-element-f96870a elementor-section-full_width elementor-section-height-default elementor-section-height-default qodef-elementor-content-no\" data-id=\"f96870a\" data-element_type=\"section\">\n\t\t\t\t\t\t<div class=\"elementor-container elementor-column-gap-default\">\n\t\t\t\t\t<div class=\"elementor-column elementor-col-100 elementor-top-column elementor-element elementor-element-52cf299\" data-id=\"52cf299\" data-element_type=\"column\">\n\t\t\t<div class=\"elementor-widget-wrap elementor-element-populated\">\n\t\t\t\t\t\t<div class=\"elementor-element elementor-element-8d2a704 elementor-widget elementor-widget-touchup_core_blog_list\" data-id=\"8d2a704\" data-element_type=\"widget\" data-widget_type=\"touchup_core_blog_list.default\">\n\t\t\t\t<div class=\"elementor-widget-container\">\n\t\t\t\t\t<div class=\"qodef-shortcode qodef-m  qodef-blog qodef--list qodef-grid qodef-layout--columns  qodef-gutter--normal qodef-col-num--2 qodef-item-layout--standard qodef-pagination--on qodef-pagination-type--load-more qodef-responsive--predefined\" data-options=\"{&quot;plugin&quot;:&quot;touchup_core&quot;,&quot;module&quot;:&quot;blog\\\/shortcodes&quot;,&quot;shortcode&quot;:&quot;blog-list&quot;,&quot;post_type&quot;:&quot;post&quot;,&quot;next_page&quot;:&quot;2&quot;,&quot;max_pages_num&quot;:1,&quot;behavior&quot;:&quot;columns&quot;,&quot;images_proportion&quot;:&quot;full&quot;,&quot;columns&quot;:&quot;2&quot;,&quot;columns_responsive&quot;:&quot;predefined&quot;,&quot;space&quot;:&quot;normal&quot;,&quot;posts_per_page&quot;:&quot;4&quot;,&quot;orderby&quot;:&quot;date&quot;,&quot;order&quot;:&quot;ASC&quot;,&quot;layout&quot;:&quot;standard&quot;,&quot;title_tag&quot;:&quot;h3&quot;,&quot;pagination_type&quot;:&quot;load-more&quot;,&quot;enable_button&quot;:&quot;no&quot;,&quot;object_class_name&quot;:&quot;TouchUpCoreBlogListShortcode&quot;,&quot;taxonomy_filter&quot;:&quot;category&quot;,&quot;additional_query_args&quot;:[],&quot;space_value&quot;:15}\">\n\t\t<div class=\"qodef-grid-inner clear\">\n\t\t<article class=\"qodef-e qodef-grid-item qodef-item--full post-13117 post type-post status-publish format-standard has-post-thumbnail hentry category-chirurgie-esthetique\">\n\t<div class=\"qodef-e-inner\">\n\t\t<div class=\"qodef-e-media\">\n\t\t<div class=\"qodef-e-media-image\">\n\t\t<a itemprop=\"url\" href=\"https:\/\/estheroyal.com\/fr\/chirurgie-esthetique-ce-quil-faut-savoir\/\">\n\t\t\t<img fetchpriority=\"high\" decoding=\"async\" width=\"1280\" height=\"800\" src=\"https:\/\/estheroyal.com\/wp-content\/uploads\/2020\/02\/Cosmetic-Surgery-e1667669339530.png\" class=\"attachment-full size-full wp-post-image\" alt=\"\" srcset=\"https:\/\/estheroyal.com\/wp-content\/uploads\/2020\/02\/Cosmetic-Surgery-e1667669339530.png 1280w, https:\/\/estheroyal.com\/wp-content\/uploads\/2020\/02\/Cosmetic-Surgery-e1667669339530-300x188.png 300w, https:\/\/estheroyal.com\/wp-content\/uploads\/2020\/02\/Cosmetic-Surgery-e1667669339530-1024x640.png 1024w, https:\/\/estheroyal.com\/wp-content\/uploads\/2020\/02\/Cosmetic-Surgery-e1667669339530-768x480.png 768w\" sizes=\"(max-width: 1280px) 100vw, 1280px\" \/>\t\t<\/a>\n\t<\/div>\n<\/div>\t\t<div class=\"qodef-e-content\">\n\t\t\t<div class=\"qodef-e-info qodef-info--top\">\n\t\t\t\t\n\t\t\t\t<div class=\"qodef-e-info-left\">\n\t\t\t\t\t<div itemprop=\"dateCreated\" class=\"qodef-e-info-item qodef-e-info-date entry-date \">\n\t<a itemprop=\"url\" href=\"https:\/\/estheroyal.com\/fr\/2022\/02\/\">February 18, 2022<\/a>\n\t<meta itemprop=\"interactionCount\" content=\"UserComments: 0\"\/>\n<\/div><div class=\"qodef-e-info-item qodef-e-info-category\">\n\t<a href=\"https:\/\/estheroyal.com\/fr\/category\/chirurgie-esthetique\/\" rel=\"category tag\">Chirurgie esth\u00e9tique<\/a><\/div>\t\t\t\t<\/div>\n\t\t\t\t<div class=\"qodef-e-info-right\">\n\t\t\t\t\t\t<div class=\"qodef-e-info-item qodef-e-info-social-share\">\n\t\t<div class=\"qodef-shortcode qodef-m  qodef-social-share clear qodef-layout--list \">\t\t<ul class=\"qodef-shortcode-list\">\t\t\t<\/ul><\/div>\t<\/div>\n\n\n\n\n\t\t\t\t<\/div>\n\t\t\t<\/div>\n\t\t\t<div class=\"qodef-e-text\">\n\t\t\t\t<h3 itemprop=\"name\" class=\"qodef-e-title entry-title\">\n\t\t\t<a itemprop=\"url\" class=\"qodef-e-title-link\" href=\"https:\/\/estheroyal.com\/fr\/chirurgie-esthetique-ce-quil-faut-savoir\/\">\n\t\t\tChirurgie esth\u00e9tique : Ce qu&#8217;il faut savoir\t\t\t<\/a>\n\t<\/h3>\n\t\t<p itemprop=\"description\" class=\"qodef-e-excerpt\">\n\t\t\tLa chirurgie esth\u00e9tique est une sous-branche de la chirurgie plastique et est \u00e9galement connue sous le nom de chirurgie esth\u00e9tique. La chirurgie plastique a pour fonction de rev\t\t<\/p>\n\t\t\t\t<\/div>\n\t\t\t\t\t<\/div>\n\t<\/div>\n<\/article><article class=\"qodef-e qodef-grid-item qodef-item--full post-13113 post type-post status-publish format-standard has-post-thumbnail hentry category-chirurgie-esthetique\">\n\t<div class=\"qodef-e-inner\">\n\t\t<div class=\"qodef-e-media\">\n\t\t<div class=\"qodef-e-media-image\">\n\t\t<a itemprop=\"url\" href=\"https:\/\/estheroyal.com\/fr\/une-technique-de-lifting-sans-faille-pour-stopper-le-vieillissement\/\">\n\t\t\t<img decoding=\"async\" width=\"1280\" height=\"800\" src=\"https:\/\/estheroyal.com\/wp-content\/uploads\/2020\/03\/home3photo10.jpg\" class=\"attachment-full size-full wp-post-image\" alt=\"\" srcset=\"https:\/\/estheroyal.com\/wp-content\/uploads\/2020\/03\/home3photo10.jpg 1280w, https:\/\/estheroyal.com\/wp-content\/uploads\/2020\/03\/home3photo10-300x188.jpg 300w, https:\/\/estheroyal.com\/wp-content\/uploads\/2020\/03\/home3photo10-1024x640.jpg 1024w, https:\/\/estheroyal.com\/wp-content\/uploads\/2020\/03\/home3photo10-768x480.jpg 768w\" sizes=\"(max-width: 1280px) 100vw, 1280px\" \/>\t\t<\/a>\n\t<\/div>\n<\/div>\t\t<div class=\"qodef-e-content\">\n\t\t\t<div class=\"qodef-e-info qodef-info--top\">\n\t\t\t\t\n\t\t\t\t<div class=\"qodef-e-info-left\">\n\t\t\t\t\t<div itemprop=\"dateCreated\" class=\"qodef-e-info-item qodef-e-info-date entry-date \">\n\t<a itemprop=\"url\" href=\"https:\/\/estheroyal.com\/fr\/2022\/05\/\">May 14, 2022<\/a>\n\t<meta itemprop=\"interactionCount\" content=\"UserComments: 0\"\/>\n<\/div><div class=\"qodef-e-info-item qodef-e-info-category\">\n\t<a href=\"https:\/\/estheroyal.com\/fr\/category\/chirurgie-esthetique\/\" rel=\"category tag\">Chirurgie esth\u00e9tique<\/a><\/div>\t\t\t\t<\/div>\n\t\t\t\t<div class=\"qodef-e-info-right\">\n\t\t\t\t\t\t<div class=\"qodef-e-info-item qodef-e-info-social-share\">\n\t\t<div class=\"qodef-shortcode qodef-m  qodef-social-share clear qodef-layout--list \">\t\t<ul class=\"qodef-shortcode-list\">\t\t\t<\/ul><\/div>\t<\/div>\n\n\n\n\n\t\t\t\t<\/div>\n\t\t\t<\/div>\n\t\t\t<div class=\"qodef-e-text\">\n\t\t\t\t<h3 itemprop=\"name\" class=\"qodef-e-title entry-title\">\n\t\t\t<a itemprop=\"url\" class=\"qodef-e-title-link\" href=\"https:\/\/estheroyal.com\/fr\/une-technique-de-lifting-sans-faille-pour-stopper-le-vieillissement\/\">\n\t\t\tUne technique de lifting sans faille pour stopper le vieillissement\t\t\t<\/a>\n\t<\/h3>\n\t\t<p itemprop=\"description\" class=\"qodef-e-excerpt\">\n\t\t\tDepuis des si\u00e8cles, la beaut\u00e9 est l&#8217;une des principales pr\u00e9occupations des gens. La zone du visage est tr\u00e8s importante, surtout pour les femmes. Les signes de vieillissem\t\t<\/p>\n\t\t\t\t<\/div>\n\t\t\t\t\t<\/div>\n\t<\/div>\n<\/article><article class=\"qodef-e qodef-grid-item qodef-item--full post-13109 post type-post status-publish format-standard has-post-thumbnail hentry category-tourisme-de-sante\">\n\t<div class=\"qodef-e-inner\">\n\t\t<div class=\"qodef-e-media\">\n\t\t<div class=\"qodef-e-media-image\">\n\t\t<a itemprop=\"url\" href=\"https:\/\/estheroyal.com\/fr\/pourquoi-la-turquie-est-elle-une-destination-ideale-pour-le-tourisme-de-sante\/\">\n\t\t\t<img decoding=\"async\" width=\"1280\" height=\"800\" src=\"https:\/\/estheroyal.com\/wp-content\/uploads\/2022\/07\/turkey-health-tourism-e1667669273817.png\" class=\"attachment-full size-full wp-post-image\" alt=\"\" srcset=\"https:\/\/estheroyal.com\/wp-content\/uploads\/2022\/07\/turkey-health-tourism-e1667669273817.png 1280w, https:\/\/estheroyal.com\/wp-content\/uploads\/2022\/07\/turkey-health-tourism-e1667669273817-300x188.png 300w, https:\/\/estheroyal.com\/wp-content\/uploads\/2022\/07\/turkey-health-tourism-e1667669273817-1024x640.png 1024w, https:\/\/estheroyal.com\/wp-content\/uploads\/2022\/07\/turkey-health-tourism-e1667669273817-768x480.png 768w\" sizes=\"(max-width: 1280px) 100vw, 1280px\" \/>\t\t<\/a>\n\t<\/div>\n<\/div>\t\t<div class=\"qodef-e-content\">\n\t\t\t<div class=\"qodef-e-info qodef-info--top\">\n\t\t\t\t\n\t\t\t\t<div class=\"qodef-e-info-left\">\n\t\t\t\t\t<div itemprop=\"dateCreated\" class=\"qodef-e-info-item qodef-e-info-date entry-date \">\n\t<a itemprop=\"url\" href=\"https:\/\/estheroyal.com\/fr\/2022\/07\/\">July 18, 2022<\/a>\n\t<meta itemprop=\"interactionCount\" content=\"UserComments: 0\"\/>\n<\/div><div class=\"qodef-e-info-item qodef-e-info-category\">\n\t<a href=\"https:\/\/estheroyal.com\/fr\/category\/tourisme-de-sante\/\" rel=\"category tag\">Tourisme de sant\u00e9<\/a><\/div>\t\t\t\t<\/div>\n\t\t\t\t<div class=\"qodef-e-info-right\">\n\t\t\t\t\t\t<div class=\"qodef-e-info-item qodef-e-info-social-share\">\n\t\t<div class=\"qodef-shortcode qodef-m  qodef-social-share clear qodef-layout--list \">\t\t<ul class=\"qodef-shortcode-list\">\t\t\t<\/ul><\/div>\t<\/div>\n\n\n\n\n\t\t\t\t<\/div>\n\t\t\t<\/div>\n\t\t\t<div class=\"qodef-e-text\">\n\t\t\t\t<h3 itemprop=\"name\" class=\"qodef-e-title entry-title\">\n\t\t\t<a itemprop=\"url\" class=\"qodef-e-title-link\" href=\"https:\/\/estheroyal.com\/fr\/pourquoi-la-turquie-est-elle-une-destination-ideale-pour-le-tourisme-de-sante\/\">\n\t\t\tPourquoi la Turquie est-elle une destination id\u00e9ale pour le tourisme de sant\u00e9 ?\t\t\t<\/a>\n\t<\/h3>\n\t\t<p itemprop=\"description\" class=\"qodef-e-excerpt\">\n\t\t\tLe tourisme de sant\u00e9 peut \u00eatre d\u00e9fini comme le fait de voyager de son lieu de r\u00e9sidence vers un autre lieu pour prot\u00e9ger et am\u00e9liorer sa sant\u00e9 et traiter des maladies, de re\t\t<\/p>\n\t\t\t\t<\/div>\n\t\t\t\t\t<\/div>\n\t<\/div>\n<\/article><article class=\"qodef-e qodef-grid-item qodef-item--full post-13105 post type-post status-publish format-standard has-post-thumbnail hentry category-sante\">\n\t<div class=\"qodef-e-inner\">\n\t\t<div class=\"qodef-e-media\">\n\t\t<div class=\"qodef-e-media-image\">\n\t\t<a itemprop=\"url\" href=\"https:\/\/estheroyal.com\/fr\/quest-ce-que-le-laser-excimer-en-ophtalmologie\/\">\n\t\t\t<img loading=\"lazy\" decoding=\"async\" width=\"1280\" height=\"800\" src=\"https:\/\/estheroyal.com\/wp-content\/uploads\/2022\/09\/eye-laser-1-e1667669310809.png\" class=\"attachment-full size-full wp-post-image\" alt=\"\" srcset=\"https:\/\/estheroyal.com\/wp-content\/uploads\/2022\/09\/eye-laser-1-e1667669310809.png 1280w, https:\/\/estheroyal.com\/wp-content\/uploads\/2022\/09\/eye-laser-1-e1667669310809-300x188.png 300w, https:\/\/estheroyal.com\/wp-content\/uploads\/2022\/09\/eye-laser-1-e1667669310809-1024x640.png 1024w, https:\/\/estheroyal.com\/wp-content\/uploads\/2022\/09\/eye-laser-1-e1667669310809-768x480.png 768w\" sizes=\"(max-width: 1280px) 100vw, 1280px\" \/>\t\t<\/a>\n\t<\/div>\n<\/div>\t\t<div class=\"qodef-e-content\">\n\t\t\t<div class=\"qodef-e-info qodef-info--top\">\n\t\t\t\t\n\t\t\t\t<div class=\"qodef-e-info-left\">\n\t\t\t\t\t<div itemprop=\"dateCreated\" class=\"qodef-e-info-item qodef-e-info-date entry-date \">\n\t<a itemprop=\"url\" href=\"https:\/\/estheroyal.com\/fr\/2022\/09\/\">September 18, 2022<\/a>\n\t<meta itemprop=\"interactionCount\" content=\"UserComments: 0\"\/>\n<\/div><div class=\"qodef-e-info-item qodef-e-info-category\">\n\t<a href=\"https:\/\/estheroyal.com\/fr\/category\/sante\/\" rel=\"category tag\">Sant\u00e9<\/a><\/div>\t\t\t\t<\/div>\n\t\t\t\t<div class=\"qodef-e-info-right\">\n\t\t\t\t\t\t<div class=\"qodef-e-info-item qodef-e-info-social-share\">\n\t\t<div class=\"qodef-shortcode qodef-m  qodef-social-share clear qodef-layout--list \">\t\t<ul class=\"qodef-shortcode-list\">\t\t\t<\/ul><\/div>\t<\/div>\n\n\n\n\n\t\t\t\t<\/div>\n\t\t\t<\/div>\n\t\t\t<div class=\"qodef-e-text\">\n\t\t\t\t<h3 itemprop=\"name\" class=\"qodef-e-title entry-title\">\n\t\t\t<a itemprop=\"url\" class=\"qodef-e-title-link\" href=\"https:\/\/estheroyal.com\/fr\/quest-ce-que-le-laser-excimer-en-ophtalmologie\/\">\n\t\t\tQu&#8217;est-ce que le laser Excimer en ophtalmologie ?\t\t\t<\/a>\n\t<\/h3>\n\t\t<p itemprop=\"description\" class=\"qodef-e-excerpt\">\n\t\t\tLe laser excimer est un proc\u00e9d\u00e9 qui permet de modifier la forme de la corn\u00e9e \u00e0 l&#8217;aide d&#8217;appareils enti\u00e8rement contr\u00f4l\u00e9s par ordinateur, \u00e9liminant ainsi les d\u00e9f\t\t<\/p>\n\t\t\t\t<\/div>\n\t\t\t\t\t<\/div>\n\t<\/div>\n<\/article>\t<\/div>\n\t<\/div>\t\t\t\t<\/div>\n\t\t\t\t<\/div>\n\t\t\t\t\t<\/div>\n\t\t<\/div>\n\t\t\t\t\t<\/div>\n\t\t<\/section>\n\t\t\t\t<\/div>\n\t\t","protected":false},"excerpt":{"rendered":"<p>February 18, 2022 Uncategorized Cosmetic surgery: What you should know Cosmetic Surgery is a sub-branch of Plastic Surgery and is also known as aesthetic surgery. Plastic Surgery has a function such as revitalizing body parts and tissues that have los May 14, 2022 Uncategorized Flawless facelift technique for arresting aging Beauty has been one of [&hellip;]<\/p>\n","protected":false},"author":1,"featured_media":11636,"parent":0,"menu_order":0,"comment_status":"closed","ping_status":"closed","template":"","meta":{"footnotes":""},"class_list":["post-12118","page","type-page","status-publish","has-post-thumbnail","hentry"],"_links":{"self":[{"href":"https:\/\/estheroyal.com\/fr\/wp-json\/wp\/v2\/pages\/12118","targetHints":{"allow":["GET"]}}],"collection":[{"href":"https:\/\/estheroyal.com\/fr\/wp-json\/wp\/v2\/pages"}],"about":[{"href":"https:\/\/estheroyal.com\/fr\/wp-json\/wp\/v2\/types\/page"}],"author":[{"embeddable":true,"href":"https:\/\/estheroyal.com\/fr\/wp-json\/wp\/v2\/users\/1"}],"replies":[{"embeddable":true,"href":"https:\/\/estheroyal.com\/fr\/wp-json\/wp\/v2\/comments?post=12118"}],"version-history":[{"count":0,"href":"https:\/\/estheroyal.com\/fr\/wp-json\/wp\/v2\/pages\/12118\/revisions"}],"wp:featuredmedia":[{"embeddable":true,"href":"https:\/\/estheroyal.com\/fr\/wp-json\/wp\/v2\/media\/11636"}],"wp:attachment":[{"href":"https:\/\/estheroyal.com\/fr\/wp-json\/wp\/v2\/media?parent=12118"}],"curies":[{"name":"wp","href":"https:\/\/api.w.org\/{rel}","templated":true}]}}