{"id":12114,"date":"2020-02-12T12:42:21","date_gmt":"2020-02-12T12:42:21","guid":{"rendered":"https:\/\/estheroyal.com\/hizmetler\/"},"modified":"2023-01-17T00:41:27","modified_gmt":"2023-01-17T00:41:27","slug":"hizmetler","status":"publish","type":"page","link":"https:\/\/estheroyal.com\/tr\/hizmetler\/","title":{"rendered":"Hizmetler"},"content":{"rendered":"\t\t<div data-elementor-type=\"wp-page\" data-elementor-id=\"12114\" class=\"elementor elementor-12114 elementor-2390\" data-elementor-post-type=\"page\">\n\t\t\t\t\t\t<section class=\"elementor-section elementor-top-section elementor-element elementor-element-edd0b6d qodef-elementor-content-grid elementor-section-boxed elementor-section-height-default elementor-section-height-default\" data-id=\"edd0b6d\" data-element_type=\"section\">\n\t\t\t\t\t\t<div class=\"elementor-container elementor-column-gap-default\">\n\t\t\t\t\t<div class=\"elementor-column elementor-col-100 elementor-top-column elementor-element elementor-element-06b0fdf\" data-id=\"06b0fdf\" data-element_type=\"column\">\n\t\t\t<div class=\"elementor-widget-wrap elementor-element-populated\">\n\t\t\t\t\t\t<div class=\"elementor-element elementor-element-3f0995a elementor-widget elementor-widget-touchup_core_portfolio_list\" data-id=\"3f0995a\" data-element_type=\"widget\" data-widget_type=\"touchup_core_portfolio_list.default\">\n\t\t\t\t<div class=\"elementor-widget-container\">\n\t\t\t\t\t<div class=\"qodef-shortcode qodef-m  qodef-portfolio-list qodef-grid qodef-layout--columns  qodef-gutter--normal qodef-col-num--4 qodef-item-layout--info-below qodef-filter--on qodef-pagination--on qodef-pagination-type--load-more qodef-responsive--predefined qodef-hover-animation--zoom\" data-options=\"{&quot;plugin&quot;:&quot;touchup_core&quot;,&quot;module&quot;:&quot;post-types\\\/portfolio\\\/shortcodes&quot;,&quot;shortcode&quot;:&quot;portfolio-list&quot;,&quot;post_type&quot;:&quot;portfolio-item&quot;,&quot;next_page&quot;:&quot;2&quot;,&quot;max_pages_num&quot;:5,&quot;behavior&quot;:&quot;columns&quot;,&quot;images_proportion&quot;:&quot;full&quot;,&quot;columns&quot;:&quot;4&quot;,&quot;columns_responsive&quot;:&quot;predefined&quot;,&quot;space&quot;:&quot;normal&quot;,&quot;posts_per_page&quot;:&quot;12&quot;,&quot;orderby&quot;:&quot;date&quot;,&quot;order&quot;:&quot;DESC&quot;,&quot;layout&quot;:&quot;info-below&quot;,&quot;hover_animation_info-below&quot;:&quot;zoom&quot;,&quot;title_tag&quot;:&quot;h4&quot;,&quot;custom_padding&quot;:&quot;no&quot;,&quot;enable_filter&quot;:&quot;yes&quot;,&quot;pagination_type&quot;:&quot;load-more&quot;,&quot;pagination_type_load_more_top_margin&quot;:&quot;margin-top:15px&quot;,&quot;object_class_name&quot;:&quot;TouchUpCorePortfolioListShortcode&quot;,&quot;taxonomy_filter&quot;:&quot;portfolio-category&quot;,&quot;additional_query_args&quot;:[],&quot;space_value&quot;:15}\">\n\t\t<div class=\"qodef-m-filter\">\n\t\t\t\t\t<div class=\"qodef-m-filter-items\">\n\t\t\t\t<a class=\"qodef-m-filter-item qodef--active\" href=\"#\" data-taxonomy=\"portfolio-category\" data-filter=\"*\">\n\t\t\t\t\t<span class=\"qodef-m-filter-item-name\">Show All<\/span>\n\t\t\t\t<\/a>\n\t\t\t\t\t\t\t\t\t<a class=\"qodef-m-filter-item\" href=\"#\" data-taxonomy=\"portfolio-category\" data-filter=\"estetik-dis-hekimligi\">\n\t\t\t\t\t\t<span class=\"qodef-m-filter-item-name\">Di\u015f Esteti\u011fi<\/span>\n\t\t\t\t\t<\/a>\n\t\t\t\t\t\t\t\t\t<a class=\"qodef-m-filter-item\" href=\"#\" data-taxonomy=\"portfolio-category\" data-filter=\"gogus-estetigi\">\n\t\t\t\t\t\t<span class=\"qodef-m-filter-item-name\">G\u00f6\u011f\u00fcs Esteti\u011fi<\/span>\n\t\t\t\t\t<\/a>\n\t\t\t\t\t\t\t\t\t<a class=\"qodef-m-filter-item\" href=\"#\" data-taxonomy=\"portfolio-category\" data-filter=\"goz-cerrahisi\">\n\t\t\t\t\t\t<span class=\"qodef-m-filter-item-name\">G\u00f6z Cerrahisi<\/span>\n\t\t\t\t\t<\/a>\n\t\t\t\t\t\t\t\t\t<a class=\"qodef-m-filter-item\" href=\"#\" data-taxonomy=\"portfolio-category\" data-filter=\"metabolik-cerrahiler\">\n\t\t\t\t\t\t<span class=\"qodef-m-filter-item-name\">Metabolik Cerrahiler<\/span>\n\t\t\t\t\t<\/a>\n\t\t\t\t\t\t\t\t\t<a class=\"qodef-m-filter-item\" href=\"#\" data-taxonomy=\"portfolio-category\" data-filter=\"sac-ekimi\">\n\t\t\t\t\t\t<span class=\"qodef-m-filter-item-name\">Sa\u00e7 Ekimi<\/span>\n\t\t\t\t\t<\/a>\n\t\t\t\t\t\t\t\t\t<a class=\"qodef-m-filter-item\" href=\"#\" data-taxonomy=\"portfolio-category\" data-filter=\"vucut-estetigi\">\n\t\t\t\t\t\t<span class=\"qodef-m-filter-item-name\">V\u00fccut Esteti\u011fi<\/span>\n\t\t\t\t\t<\/a>\n\t\t\t\t\t\t\t\t\t<a class=\"qodef-m-filter-item\" href=\"#\" data-taxonomy=\"portfolio-category\" data-filter=\"yuz-estetigi\">\n\t\t\t\t\t\t<span class=\"qodef-m-filter-item-name\">Y\u00fcz Esteti\u011fi<\/span>\n\t\t\t\t\t<\/a>\n\t\t\t\t\t\t\t<\/div>\n\t\t\t<\/div>\n\t<div class=\"qodef-grid-inner clear\">\n\t\t<article class=\"qodef-e qodef-grid-item qodef-item--full post-12181 portfolio-item type-portfolio-item status-publish has-post-thumbnail hentry portfolio-category-yuz-estetigi\">\n\t<div class=\"qodef-e-inner\" >\n\t\t<div class=\"qodef-e-image\">\n\t\t\t\t<div class=\"qodef-e-media-image\">\n\t\t<a itemprop=\"url\" href=\"https:\/\/estheroyal.com\/tr\/aesthetics\/boyun-germe-ve-yuz-germe-ameliyati\/\">\n\t\t\t<img fetchpriority=\"high\" decoding=\"async\" width=\"500\" height=\"500\" src=\"https:\/\/estheroyal.com\/wp-content\/uploads\/2022\/11\/features-facelift.png\" class=\"attachment-full size-full wp-post-image\" alt=\"\" srcset=\"https:\/\/estheroyal.com\/wp-content\/uploads\/2022\/11\/features-facelift.png 500w, https:\/\/estheroyal.com\/wp-content\/uploads\/2022\/11\/features-facelift-300x300.png 300w, https:\/\/estheroyal.com\/wp-content\/uploads\/2022\/11\/features-facelift-150x150.png 150w\" sizes=\"(max-width: 500px) 100vw, 500px\" \/>\t\t<\/a>\n\t<\/div>\n\t\t<\/div>\n\t\t<div class=\"qodef-e-content\" >\n\t\t\t<h4 itemprop=\"name\" class=\"qodef-e-title entry-title\" >\n\t<a itemprop=\"url\" class=\"qodef-e-title-link\" href=\"https:\/\/estheroyal.com\/tr\/aesthetics\/boyun-germe-ve-yuz-germe-ameliyati\/\">\n\t\tBoyun Germe ve Y\u00fcz Germe Ameliyat\u0131\t<\/a>\n<\/h4>\t\t\t<div class=\"qodef-e-info-category\">\n\t\t\t<a itemprop=\"url\" class=\"qodef-e-category\" href=\"https:\/\/estheroyal.com\/tr\/services\/yuz-estetigi\/\">\n\t\t\tY\u00fcz Esteti\u011fi<\/a>\n\t<\/div>\n\t\t<\/div>\n\t<\/div>\n<\/article><article class=\"qodef-e qodef-grid-item qodef-item--full post-12177 portfolio-item type-portfolio-item status-publish has-post-thumbnail hentry portfolio-category-yuz-estetigi\">\n\t<div class=\"qodef-e-inner\" >\n\t\t<div class=\"qodef-e-image\">\n\t\t\t\t<div class=\"qodef-e-media-image\">\n\t\t<a itemprop=\"url\" href=\"https:\/\/estheroyal.com\/tr\/aesthetics\/dudak-kaldirma-ameliyati\/\">\n\t\t\t<img decoding=\"async\" width=\"600\" height=\"600\" src=\"https:\/\/estheroyal.com\/wp-content\/uploads\/2022\/11\/lip-lift.png\" class=\"attachment-full size-full wp-post-image\" alt=\"\" srcset=\"https:\/\/estheroyal.com\/wp-content\/uploads\/2022\/11\/lip-lift.png 600w, https:\/\/estheroyal.com\/wp-content\/uploads\/2022\/11\/lip-lift-300x300.png 300w, https:\/\/estheroyal.com\/wp-content\/uploads\/2022\/11\/lip-lift-150x150.png 150w, https:\/\/estheroyal.com\/wp-content\/uploads\/2022\/11\/lip-lift-60x60.png 60w\" sizes=\"(max-width: 600px) 100vw, 600px\" \/>\t\t<\/a>\n\t<\/div>\n\t\t<\/div>\n\t\t<div class=\"qodef-e-content\" >\n\t\t\t<h4 itemprop=\"name\" class=\"qodef-e-title entry-title\" >\n\t<a itemprop=\"url\" class=\"qodef-e-title-link\" href=\"https:\/\/estheroyal.com\/tr\/aesthetics\/dudak-kaldirma-ameliyati\/\">\n\t\tDudak Kald\u0131rma Ameliyat\u0131\t<\/a>\n<\/h4>\t\t\t<div class=\"qodef-e-info-category\">\n\t\t\t<a itemprop=\"url\" class=\"qodef-e-category\" href=\"https:\/\/estheroyal.com\/tr\/services\/yuz-estetigi\/\">\n\t\t\tY\u00fcz Esteti\u011fi<\/a>\n\t<\/div>\n\t\t<\/div>\n\t<\/div>\n<\/article><article class=\"qodef-e qodef-grid-item qodef-item--full post-12173 portfolio-item type-portfolio-item status-publish has-post-thumbnail hentry portfolio-category-metabolik-cerrahiler\">\n\t<div class=\"qodef-e-inner\" >\n\t\t<div class=\"qodef-e-image\">\n\t\t\t\t<div class=\"qodef-e-media-image\">\n\t\t<a itemprop=\"url\" href=\"https:\/\/estheroyal.com\/tr\/aesthetics\/mide-balonu\/\">\n\t\t\t<img decoding=\"async\" width=\"600\" height=\"600\" src=\"https:\/\/estheroyal.com\/wp-content\/uploads\/2022\/11\/Intragastric-Baloon.png\" class=\"attachment-full size-full wp-post-image\" alt=\"\" srcset=\"https:\/\/estheroyal.com\/wp-content\/uploads\/2022\/11\/Intragastric-Baloon.png 600w, https:\/\/estheroyal.com\/wp-content\/uploads\/2022\/11\/Intragastric-Baloon-300x300.png 300w, https:\/\/estheroyal.com\/wp-content\/uploads\/2022\/11\/Intragastric-Baloon-150x150.png 150w, https:\/\/estheroyal.com\/wp-content\/uploads\/2022\/11\/Intragastric-Baloon-60x60.png 60w\" sizes=\"(max-width: 600px) 100vw, 600px\" \/>\t\t<\/a>\n\t<\/div>\n\t\t<\/div>\n\t\t<div class=\"qodef-e-content\" >\n\t\t\t<h4 itemprop=\"name\" class=\"qodef-e-title entry-title\" >\n\t<a itemprop=\"url\" class=\"qodef-e-title-link\" href=\"https:\/\/estheroyal.com\/tr\/aesthetics\/mide-balonu\/\">\n\t\tMide Balonu\t<\/a>\n<\/h4>\t\t\t<div class=\"qodef-e-info-category\">\n\t\t\t<a itemprop=\"url\" class=\"qodef-e-category\" href=\"https:\/\/estheroyal.com\/tr\/services\/metabolik-cerrahiler\/\">\n\t\t\tMetabolik Cerrahiler<\/a>\n\t<\/div>\n\t\t<\/div>\n\t<\/div>\n<\/article><article class=\"qodef-e qodef-grid-item qodef-item--full post-12170 portfolio-item type-portfolio-item status-publish has-post-thumbnail hentry portfolio-category-gogus-estetigi\">\n\t<div class=\"qodef-e-inner\" >\n\t\t<div class=\"qodef-e-image\">\n\t\t\t\t<div class=\"qodef-e-media-image\">\n\t\t<a itemprop=\"url\" href=\"https:\/\/estheroyal.com\/tr\/aesthetics\/jinekomasti\/\">\n\t\t\t<img loading=\"lazy\" decoding=\"async\" width=\"600\" height=\"600\" src=\"https:\/\/estheroyal.com\/wp-content\/uploads\/2022\/11\/Gynecomastia-600x600-1.jpg\" class=\"attachment-full size-full wp-post-image\" alt=\"\" srcset=\"https:\/\/estheroyal.com\/wp-content\/uploads\/2022\/11\/Gynecomastia-600x600-1.jpg 600w, https:\/\/estheroyal.com\/wp-content\/uploads\/2022\/11\/Gynecomastia-600x600-1-300x300.jpg 300w, https:\/\/estheroyal.com\/wp-content\/uploads\/2022\/11\/Gynecomastia-600x600-1-150x150.jpg 150w, https:\/\/estheroyal.com\/wp-content\/uploads\/2022\/11\/Gynecomastia-600x600-1-60x60.jpg 60w\" sizes=\"(max-width: 600px) 100vw, 600px\" \/>\t\t<\/a>\n\t<\/div>\n\t\t<\/div>\n\t\t<div class=\"qodef-e-content\" >\n\t\t\t<h4 itemprop=\"name\" class=\"qodef-e-title entry-title\" >\n\t<a itemprop=\"url\" class=\"qodef-e-title-link\" href=\"https:\/\/estheroyal.com\/tr\/aesthetics\/jinekomasti\/\">\n\t\tJinekomasti\t<\/a>\n<\/h4>\t\t\t<div class=\"qodef-e-info-category\">\n\t\t\t<a itemprop=\"url\" class=\"qodef-e-category\" href=\"https:\/\/estheroyal.com\/tr\/services\/gogus-estetigi\/\">\n\t\t\tG\u00f6\u011f\u00fcs Esteti\u011fi<\/a>\n\t<\/div>\n\t\t<\/div>\n\t<\/div>\n<\/article><article class=\"qodef-e qodef-grid-item qodef-item--full post-12163 portfolio-item type-portfolio-item status-publish has-post-thumbnail hentry portfolio-category-yuz-estetigi\">\n\t<div class=\"qodef-e-inner\" >\n\t\t<div class=\"qodef-e-image\">\n\t\t\t\t<div class=\"qodef-e-media-image\">\n\t\t<a itemprop=\"url\" href=\"https:\/\/estheroyal.com\/tr\/aesthetics\/fransiz-askisi\/\">\n\t\t\t<img loading=\"lazy\" decoding=\"async\" width=\"600\" height=\"601\" src=\"https:\/\/estheroyal.com\/wp-content\/uploads\/2022\/11\/french-lift.png\" class=\"attachment-full size-full wp-post-image\" alt=\"\" srcset=\"https:\/\/estheroyal.com\/wp-content\/uploads\/2022\/11\/french-lift.png 600w, https:\/\/estheroyal.com\/wp-content\/uploads\/2022\/11\/french-lift-300x300.png 300w, https:\/\/estheroyal.com\/wp-content\/uploads\/2022\/11\/french-lift-150x150.png 150w, https:\/\/estheroyal.com\/wp-content\/uploads\/2022\/11\/french-lift-60x60.png 60w\" sizes=\"(max-width: 600px) 100vw, 600px\" \/>\t\t<\/a>\n\t<\/div>\n\t\t<\/div>\n\t\t<div class=\"qodef-e-content\" >\n\t\t\t<h4 itemprop=\"name\" class=\"qodef-e-title entry-title\" >\n\t<a itemprop=\"url\" class=\"qodef-e-title-link\" href=\"https:\/\/estheroyal.com\/tr\/aesthetics\/fransiz-askisi\/\">\n\t\tFrans\u0131z Ask\u0131s\u0131\t<\/a>\n<\/h4>\t\t\t<div class=\"qodef-e-info-category\">\n\t\t\t<a itemprop=\"url\" class=\"qodef-e-category\" href=\"https:\/\/estheroyal.com\/tr\/services\/yuz-estetigi\/\">\n\t\t\tY\u00fcz Esteti\u011fi<\/a>\n\t<\/div>\n\t\t<\/div>\n\t<\/div>\n<\/article><article class=\"qodef-e qodef-grid-item qodef-item--full post-12162 portfolio-item type-portfolio-item status-publish has-post-thumbnail hentry portfolio-category-yuz-estetigi\">\n\t<div class=\"qodef-e-inner\" >\n\t\t<div class=\"qodef-e-image\">\n\t\t\t\t<div class=\"qodef-e-media-image\">\n\t\t<a itemprop=\"url\" href=\"https:\/\/estheroyal.com\/tr\/aesthetics\/goz-kapagi-ameliyati\/\">\n\t\t\t<img loading=\"lazy\" decoding=\"async\" width=\"500\" height=\"500\" src=\"https:\/\/estheroyal.com\/wp-content\/uploads\/2022\/11\/features-Blepharoplasty.png\" class=\"attachment-full size-full wp-post-image\" alt=\"\" srcset=\"https:\/\/estheroyal.com\/wp-content\/uploads\/2022\/11\/features-Blepharoplasty.png 500w, https:\/\/estheroyal.com\/wp-content\/uploads\/2022\/11\/features-Blepharoplasty-300x300.png 300w, https:\/\/estheroyal.com\/wp-content\/uploads\/2022\/11\/features-Blepharoplasty-150x150.png 150w\" sizes=\"(max-width: 500px) 100vw, 500px\" \/>\t\t<\/a>\n\t<\/div>\n\t\t<\/div>\n\t\t<div class=\"qodef-e-content\" >\n\t\t\t<h4 itemprop=\"name\" class=\"qodef-e-title entry-title\" >\n\t<a itemprop=\"url\" class=\"qodef-e-title-link\" href=\"https:\/\/estheroyal.com\/tr\/aesthetics\/goz-kapagi-ameliyati\/\">\n\t\tG\u00f6z Kapa\u011f\u0131 Ameliyat\u0131\t<\/a>\n<\/h4>\t\t\t<div class=\"qodef-e-info-category\">\n\t\t\t<a itemprop=\"url\" class=\"qodef-e-category\" href=\"https:\/\/estheroyal.com\/tr\/services\/yuz-estetigi\/\">\n\t\t\tY\u00fcz Esteti\u011fi<\/a>\n\t<\/div>\n\t\t<\/div>\n\t<\/div>\n<\/article><article class=\"qodef-e qodef-grid-item qodef-item--full post-12153 portfolio-item type-portfolio-item status-publish has-post-thumbnail hentry portfolio-category-gogus-estetigi\">\n\t<div class=\"qodef-e-inner\" >\n\t\t<div class=\"qodef-e-image\">\n\t\t\t\t<div class=\"qodef-e-media-image\">\n\t\t<a itemprop=\"url\" href=\"https:\/\/estheroyal.com\/tr\/aesthetics\/meme-kucultme\/\">\n\t\t\t<img loading=\"lazy\" decoding=\"async\" width=\"600\" height=\"600\" src=\"https:\/\/estheroyal.com\/wp-content\/uploads\/2022\/11\/breast-reduction.jpg\" class=\"attachment-full size-full wp-post-image\" alt=\"\" srcset=\"https:\/\/estheroyal.com\/wp-content\/uploads\/2022\/11\/breast-reduction.jpg 600w, https:\/\/estheroyal.com\/wp-content\/uploads\/2022\/11\/breast-reduction-300x300.jpg 300w, https:\/\/estheroyal.com\/wp-content\/uploads\/2022\/11\/breast-reduction-150x150.jpg 150w, https:\/\/estheroyal.com\/wp-content\/uploads\/2022\/11\/breast-reduction-60x60.jpg 60w\" sizes=\"(max-width: 600px) 100vw, 600px\" \/>\t\t<\/a>\n\t<\/div>\n\t\t<\/div>\n\t\t<div class=\"qodef-e-content\" >\n\t\t\t<h4 itemprop=\"name\" class=\"qodef-e-title entry-title\" >\n\t<a itemprop=\"url\" class=\"qodef-e-title-link\" href=\"https:\/\/estheroyal.com\/tr\/aesthetics\/meme-kucultme\/\">\n\t\tMeme K\u00fc\u00e7\u00fcltme\t<\/a>\n<\/h4>\t\t\t<div class=\"qodef-e-info-category\">\n\t\t\t<a itemprop=\"url\" class=\"qodef-e-category\" href=\"https:\/\/estheroyal.com\/tr\/services\/gogus-estetigi\/\">\n\t\t\tG\u00f6\u011f\u00fcs Esteti\u011fi<\/a>\n\t<\/div>\n\t\t<\/div>\n\t<\/div>\n<\/article><article class=\"qodef-e qodef-grid-item qodef-item--full post-12149 portfolio-item type-portfolio-item status-publish has-post-thumbnail hentry portfolio-category-vucut-estetigi\">\n\t<div class=\"qodef-e-inner\" >\n\t\t<div class=\"qodef-e-image\">\n\t\t\t\t<div class=\"qodef-e-media-image\">\n\t\t<a itemprop=\"url\" href=\"https:\/\/estheroyal.com\/tr\/aesthetics\/kol-germe\/\">\n\t\t\t<img loading=\"lazy\" decoding=\"async\" width=\"600\" height=\"599\" src=\"https:\/\/estheroyal.com\/wp-content\/uploads\/2022\/11\/arm-lift.png\" class=\"attachment-full size-full wp-post-image\" alt=\"\" srcset=\"https:\/\/estheroyal.com\/wp-content\/uploads\/2022\/11\/arm-lift.png 600w, https:\/\/estheroyal.com\/wp-content\/uploads\/2022\/11\/arm-lift-300x300.png 300w, https:\/\/estheroyal.com\/wp-content\/uploads\/2022\/11\/arm-lift-150x150.png 150w, https:\/\/estheroyal.com\/wp-content\/uploads\/2022\/11\/arm-lift-60x60.png 60w\" sizes=\"(max-width: 600px) 100vw, 600px\" \/>\t\t<\/a>\n\t<\/div>\n\t\t<\/div>\n\t\t<div class=\"qodef-e-content\" >\n\t\t\t<h4 itemprop=\"name\" class=\"qodef-e-title entry-title\" >\n\t<a itemprop=\"url\" class=\"qodef-e-title-link\" href=\"https:\/\/estheroyal.com\/tr\/aesthetics\/kol-germe\/\">\n\t\tKol Germe\t<\/a>\n<\/h4>\t\t\t<div class=\"qodef-e-info-category\">\n\t\t\t<a itemprop=\"url\" class=\"qodef-e-category\" href=\"https:\/\/estheroyal.com\/tr\/services\/vucut-estetigi\/\">\n\t\t\tV\u00fccut Esteti\u011fi<\/a>\n\t<\/div>\n\t\t<\/div>\n\t<\/div>\n<\/article><article class=\"qodef-e qodef-grid-item qodef-item--full post-12146 portfolio-item type-portfolio-item status-publish has-post-thumbnail hentry portfolio-category-yuz-estetigi\">\n\t<div class=\"qodef-e-inner\" >\n\t\t<div class=\"qodef-e-image\">\n\t\t\t\t<div class=\"qodef-e-media-image\">\n\t\t<a itemprop=\"url\" href=\"https:\/\/estheroyal.com\/tr\/aesthetics\/otoplasti-kepce-kulak-ameliyati\/\">\n\t\t\t<img loading=\"lazy\" decoding=\"async\" width=\"600\" height=\"600\" src=\"https:\/\/estheroyal.com\/wp-content\/uploads\/2022\/11\/autoplasty-1.jpg\" class=\"attachment-full size-full wp-post-image\" alt=\"\" srcset=\"https:\/\/estheroyal.com\/wp-content\/uploads\/2022\/11\/autoplasty-1.jpg 600w, https:\/\/estheroyal.com\/wp-content\/uploads\/2022\/11\/autoplasty-1-300x300.jpg 300w, https:\/\/estheroyal.com\/wp-content\/uploads\/2022\/11\/autoplasty-1-150x150.jpg 150w, https:\/\/estheroyal.com\/wp-content\/uploads\/2022\/11\/autoplasty-1-60x60.jpg 60w\" sizes=\"(max-width: 600px) 100vw, 600px\" \/>\t\t<\/a>\n\t<\/div>\n\t\t<\/div>\n\t\t<div class=\"qodef-e-content\" >\n\t\t\t<h4 itemprop=\"name\" class=\"qodef-e-title entry-title\" >\n\t<a itemprop=\"url\" class=\"qodef-e-title-link\" href=\"https:\/\/estheroyal.com\/tr\/aesthetics\/otoplasti-kepce-kulak-ameliyati\/\">\n\t\tOtoplasti \u2013 Kep\u00e7e Kulak Ameliyat\u0131\t<\/a>\n<\/h4>\t\t\t<div class=\"qodef-e-info-category\">\n\t\t\t<a itemprop=\"url\" class=\"qodef-e-category\" href=\"https:\/\/estheroyal.com\/tr\/services\/yuz-estetigi\/\">\n\t\t\tY\u00fcz Esteti\u011fi<\/a>\n\t<\/div>\n\t\t<\/div>\n\t<\/div>\n<\/article><article class=\"qodef-e qodef-grid-item qodef-item--full post-12145 portfolio-item type-portfolio-item status-publish has-post-thumbnail hentry portfolio-category-gogus-estetigi\">\n\t<div class=\"qodef-e-inner\" >\n\t\t<div class=\"qodef-e-image\">\n\t\t\t\t<div class=\"qodef-e-media-image\">\n\t\t<a itemprop=\"url\" href=\"https:\/\/estheroyal.com\/tr\/aesthetics\/meme-asimetrisi-ve-meme-ucu-onarimi\/\">\n\t\t\t<img loading=\"lazy\" decoding=\"async\" width=\"735\" height=\"600\" src=\"https:\/\/estheroyal.com\/wp-content\/uploads\/2022\/11\/Asymmetry-of-the-Breast-and-Nipple-Repair-1.png\" class=\"attachment-full size-full wp-post-image\" alt=\"\" srcset=\"https:\/\/estheroyal.com\/wp-content\/uploads\/2022\/11\/Asymmetry-of-the-Breast-and-Nipple-Repair-1.png 735w, https:\/\/estheroyal.com\/wp-content\/uploads\/2022\/11\/Asymmetry-of-the-Breast-and-Nipple-Repair-1-300x245.png 300w, https:\/\/estheroyal.com\/wp-content\/uploads\/2022\/11\/Asymmetry-of-the-Breast-and-Nipple-Repair-1-60x49.png 60w\" sizes=\"(max-width: 735px) 100vw, 735px\" \/>\t\t<\/a>\n\t<\/div>\n\t\t<\/div>\n\t\t<div class=\"qodef-e-content\" >\n\t\t\t<h4 itemprop=\"name\" class=\"qodef-e-title entry-title\" >\n\t<a itemprop=\"url\" class=\"qodef-e-title-link\" href=\"https:\/\/estheroyal.com\/tr\/aesthetics\/meme-asimetrisi-ve-meme-ucu-onarimi\/\">\n\t\tMeme Asimetrisi ve Meme Ucu Onar\u0131m\u0131\t<\/a>\n<\/h4>\t\t\t<div class=\"qodef-e-info-category\">\n\t\t\t<a itemprop=\"url\" class=\"qodef-e-category\" href=\"https:\/\/estheroyal.com\/tr\/services\/gogus-estetigi\/\">\n\t\t\tG\u00f6\u011f\u00fcs Esteti\u011fi<\/a>\n\t<\/div>\n\t\t<\/div>\n\t<\/div>\n<\/article><article class=\"qodef-e qodef-grid-item qodef-item--full post-12140 portfolio-item type-portfolio-item status-publish has-post-thumbnail hentry portfolio-category-estetik-dis-hekimligi\">\n\t<div class=\"qodef-e-inner\" >\n\t\t<div class=\"qodef-e-image\">\n\t\t\t\t<div class=\"qodef-e-media-image\">\n\t\t<a itemprop=\"url\" href=\"https:\/\/estheroyal.com\/tr\/aesthetics\/estetik-cene-ameliyati\/\">\n\t\t\t<img loading=\"lazy\" decoding=\"async\" width=\"600\" height=\"600\" src=\"https:\/\/estheroyal.com\/wp-content\/uploads\/2022\/11\/chin-surgery-1.jpg\" class=\"attachment-full size-full wp-post-image\" alt=\"\" srcset=\"https:\/\/estheroyal.com\/wp-content\/uploads\/2022\/11\/chin-surgery-1.jpg 600w, https:\/\/estheroyal.com\/wp-content\/uploads\/2022\/11\/chin-surgery-1-300x300.jpg 300w, https:\/\/estheroyal.com\/wp-content\/uploads\/2022\/11\/chin-surgery-1-150x150.jpg 150w, https:\/\/estheroyal.com\/wp-content\/uploads\/2022\/11\/chin-surgery-1-60x60.jpg 60w\" sizes=\"(max-width: 600px) 100vw, 600px\" \/>\t\t<\/a>\n\t<\/div>\n\t\t<\/div>\n\t\t<div class=\"qodef-e-content\" >\n\t\t\t<h4 itemprop=\"name\" class=\"qodef-e-title entry-title\" >\n\t<a itemprop=\"url\" class=\"qodef-e-title-link\" href=\"https:\/\/estheroyal.com\/tr\/aesthetics\/estetik-cene-ameliyati\/\">\n\t\tEstetik \u00c7ene Ameliyat\u0131\t<\/a>\n<\/h4>\t\t\t<div class=\"qodef-e-info-category\">\n\t\t\t<a itemprop=\"url\" class=\"qodef-e-category\" href=\"https:\/\/estheroyal.com\/tr\/services\/estetik-dis-hekimligi\/\">\n\t\t\tDi\u015f Esteti\u011fi<\/a>\n\t<\/div>\n\t\t<\/div>\n\t<\/div>\n<\/article><article class=\"qodef-e qodef-grid-item qodef-item--full post-12159 portfolio-item type-portfolio-item status-publish has-post-thumbnail hentry portfolio-category-metabolik-cerrahiler\">\n\t<div class=\"qodef-e-inner\" >\n\t\t<div class=\"qodef-e-image\">\n\t\t\t\t<div class=\"qodef-e-media-image\">\n\t\t<a itemprop=\"url\" href=\"https:\/\/estheroyal.com\/tr\/aesthetics\/duodenal-switch-ameliyati\/\">\n\t\t\t<img loading=\"lazy\" decoding=\"async\" width=\"600\" height=\"600\" src=\"https:\/\/estheroyal.com\/wp-content\/uploads\/2022\/11\/Duodenal-Switch-Surgery600x600.png\" class=\"attachment-full size-full wp-post-image\" alt=\"\" srcset=\"https:\/\/estheroyal.com\/wp-content\/uploads\/2022\/11\/Duodenal-Switch-Surgery600x600.png 600w, https:\/\/estheroyal.com\/wp-content\/uploads\/2022\/11\/Duodenal-Switch-Surgery600x600-300x300.png 300w, https:\/\/estheroyal.com\/wp-content\/uploads\/2022\/11\/Duodenal-Switch-Surgery600x600-150x150.png 150w, https:\/\/estheroyal.com\/wp-content\/uploads\/2022\/11\/Duodenal-Switch-Surgery600x600-60x60.png 60w\" sizes=\"(max-width: 600px) 100vw, 600px\" \/>\t\t<\/a>\n\t<\/div>\n\t\t<\/div>\n\t\t<div class=\"qodef-e-content\" >\n\t\t\t<h4 itemprop=\"name\" class=\"qodef-e-title entry-title\" >\n\t<a itemprop=\"url\" class=\"qodef-e-title-link\" href=\"https:\/\/estheroyal.com\/tr\/aesthetics\/duodenal-switch-ameliyati\/\">\n\t\tDuodenal Switch Ameliyat\u0131\t<\/a>\n<\/h4>\t\t\t<div class=\"qodef-e-info-category\">\n\t\t\t<a itemprop=\"url\" class=\"qodef-e-category\" href=\"https:\/\/estheroyal.com\/tr\/services\/metabolik-cerrahiler\/\">\n\t\t\tMetabolik Cerrahiler<\/a>\n\t<\/div>\n\t\t<\/div>\n\t<\/div>\n<\/article>\t<\/div>\n\t\t<div class=\"qodef-m-pagination qodef--load-more\" style=\"margin-top:15px\">\n\t\t<div class=\"qodef-m-pagination-inner\">\n\t\t\t<a class=\"qodef-shortcode qodef-m qodef-load-more-button qodef-button qodef-layout--filled  qodef-html--link\" href=\"#\" target=\"_self\"  >\t<span class=\"qodef-m-text\">Load More<\/span><\/a>\t\t<\/div>\n\t<\/div>\n\t<span class=\"qodef-icon-font-awesome qodef-loading-spinner fa fa-spinner fa-spin\" ><\/span><\/div>\t\t\t\t<\/div>\n\t\t\t\t<\/div>\n\t\t\t\t\t<\/div>\n\t\t<\/div>\n\t\t\t\t\t<\/div>\n\t\t<\/section>\n\t\t\t\t<\/div>\n\t\t","protected":false},"excerpt":{"rendered":"<p>Show All Breast Surgeries Hair Transplant Metabolic Surgeries Plastic surgeon Celebrity Breast Surgeries Hair Transplant Metabolic Surgeries<\/p>\n","protected":false},"author":1,"featured_media":0,"parent":0,"menu_order":0,"comment_status":"closed","ping_status":"closed","template":"page-full-width.php","meta":{"footnotes":""},"class_list":["post-12114","page","type-page","status-publish","hentry"],"_links":{"self":[{"href":"https:\/\/estheroyal.com\/tr\/wp-json\/wp\/v2\/pages\/12114","targetHints":{"allow":["GET"]}}],"collection":[{"href":"https:\/\/estheroyal.com\/tr\/wp-json\/wp\/v2\/pages"}],"about":[{"href":"https:\/\/estheroyal.com\/tr\/wp-json\/wp\/v2\/types\/page"}],"author":[{"embeddable":true,"href":"https:\/\/estheroyal.com\/tr\/wp-json\/wp\/v2\/users\/1"}],"replies":[{"embeddable":true,"href":"https:\/\/estheroyal.com\/tr\/wp-json\/wp\/v2\/comments?post=12114"}],"version-history":[{"count":0,"href":"https:\/\/estheroyal.com\/tr\/wp-json\/wp\/v2\/pages\/12114\/revisions"}],"wp:attachment":[{"href":"https:\/\/estheroyal.com\/tr\/wp-json\/wp\/v2\/media?parent=12114"}],"curies":[{"name":"wp","href":"https:\/\/api.w.org\/{rel}","templated":true}]}}