{"id":12116,"date":"2022-11-04T09:52:06","date_gmt":"2022-11-04T09:52:06","guid":{"rendered":"https:\/\/estheroyal.com\/blog\/"},"modified":"2023-01-17T00:43:03","modified_gmt":"2023-01-17T00:43:03","slug":"blog","status":"publish","type":"page","link":"https:\/\/estheroyal.com\/tr\/blog\/","title":{"rendered":"Blog"},"content":{"rendered":"\t\t<div data-elementor-type=\"wp-page\" data-elementor-id=\"12116\" class=\"elementor elementor-12116 elementor-3852\" data-elementor-post-type=\"page\">\n\t\t\t\t\t\t<section class=\"elementor-section elementor-top-section elementor-element elementor-element-f96870a elementor-section-full_width elementor-section-height-default elementor-section-height-default qodef-elementor-content-no\" data-id=\"f96870a\" data-element_type=\"section\" data-e-type=\"section\">\n\t\t\t\t\t\t<div class=\"elementor-container elementor-column-gap-default\">\n\t\t\t\t\t<div class=\"elementor-column elementor-col-100 elementor-top-column elementor-element elementor-element-52cf299\" data-id=\"52cf299\" data-element_type=\"column\" data-e-type=\"column\">\n\t\t\t<div class=\"elementor-widget-wrap elementor-element-populated\">\n\t\t\t\t\t\t<div class=\"elementor-element elementor-element-8d2a704 elementor-widget elementor-widget-touchup_core_blog_list\" data-id=\"8d2a704\" data-element_type=\"widget\" data-e-type=\"widget\" data-widget_type=\"touchup_core_blog_list.default\">\n\t\t\t\t<div class=\"elementor-widget-container\">\n\t\t\t\t\t<div class=\"qodef-shortcode qodef-m  qodef-blog qodef--list qodef-grid qodef-layout--columns  qodef-gutter--normal qodef-col-num--2 qodef-item-layout--standard qodef-pagination--on qodef-pagination-type--load-more qodef-responsive--predefined\" data-options=\"{&quot;plugin&quot;:&quot;touchup_core&quot;,&quot;module&quot;:&quot;blog\\\/shortcodes&quot;,&quot;shortcode&quot;:&quot;blog-list&quot;,&quot;post_type&quot;:&quot;post&quot;,&quot;next_page&quot;:&quot;2&quot;,&quot;max_pages_num&quot;:1,&quot;behavior&quot;:&quot;columns&quot;,&quot;images_proportion&quot;:&quot;full&quot;,&quot;columns&quot;:&quot;2&quot;,&quot;columns_responsive&quot;:&quot;predefined&quot;,&quot;space&quot;:&quot;normal&quot;,&quot;posts_per_page&quot;:&quot;4&quot;,&quot;orderby&quot;:&quot;date&quot;,&quot;order&quot;:&quot;ASC&quot;,&quot;layout&quot;:&quot;standard&quot;,&quot;title_tag&quot;:&quot;h3&quot;,&quot;pagination_type&quot;:&quot;load-more&quot;,&quot;enable_button&quot;:&quot;no&quot;,&quot;object_class_name&quot;:&quot;TouchUpCoreBlogListShortcode&quot;,&quot;taxonomy_filter&quot;:&quot;category&quot;,&quot;additional_query_args&quot;:[],&quot;space_value&quot;:15}\">\n\t\t<div class=\"qodef-grid-inner clear\">\n\t\t<article class=\"qodef-e qodef-grid-item qodef-item--full post-12857 post type-post status-publish format-standard has-post-thumbnail hentry category-kozmetik-cerrahi\">\n\t<div class=\"qodef-e-inner\">\n\t\t<div class=\"qodef-e-media\">\n\t\t<div class=\"qodef-e-media-image\">\n\t\t<a itemprop=\"url\" href=\"https:\/\/estheroyal.com\/tr\/estetik-cerrahi-bilmeniz-gerekenler\/\">\n\t\t\t<img fetchpriority=\"high\" decoding=\"async\" width=\"1280\" height=\"800\" src=\"https:\/\/estheroyal.com\/wp-content\/uploads\/2020\/02\/Cosmetic-Surgery-e1667669339530.png\" class=\"attachment-full size-full wp-post-image\" alt=\"\" srcset=\"https:\/\/estheroyal.com\/wp-content\/uploads\/2020\/02\/Cosmetic-Surgery-e1667669339530.png 1280w, https:\/\/estheroyal.com\/wp-content\/uploads\/2020\/02\/Cosmetic-Surgery-e1667669339530-300x188.png 300w, https:\/\/estheroyal.com\/wp-content\/uploads\/2020\/02\/Cosmetic-Surgery-e1667669339530-1024x640.png 1024w, https:\/\/estheroyal.com\/wp-content\/uploads\/2020\/02\/Cosmetic-Surgery-e1667669339530-768x480.png 768w\" sizes=\"(max-width: 1280px) 100vw, 1280px\" \/>\t\t<\/a>\n\t<\/div>\n<\/div>\t\t<div class=\"qodef-e-content\">\n\t\t\t<div class=\"qodef-e-info qodef-info--top\">\n\t\t\t\t\n\t\t\t\t<div class=\"qodef-e-info-left\">\n\t\t\t\t\t<div itemprop=\"dateCreated\" class=\"qodef-e-info-item qodef-e-info-date entry-date \">\n\t<a itemprop=\"url\" href=\"https:\/\/estheroyal.com\/tr\/2022\/02\/\">\u015eubat 18, 2022<\/a>\n\t<meta itemprop=\"interactionCount\" content=\"UserComments: 0\"\/>\n<\/div><div class=\"qodef-e-info-item qodef-e-info-category\">\n\t<a href=\"https:\/\/estheroyal.com\/tr\/category\/kozmetik-cerrahi\/\" rel=\"category tag\">Kozmetik Cerrahi<\/a><\/div>\t\t\t\t<\/div>\n\t\t\t\t<div class=\"qodef-e-info-right\">\n\t\t\t\t\t\t<div class=\"qodef-e-info-item qodef-e-info-social-share\">\n\t\t<div class=\"qodef-shortcode qodef-m  qodef-social-share clear qodef-layout--list \">\t\t<ul class=\"qodef-shortcode-list\">\t\t\t<\/ul><\/div>\t<\/div>\n\n\n\n\n\t\t\t\t<\/div>\n\t\t\t<\/div>\n\t\t\t<div class=\"qodef-e-text\">\n\t\t\t\t<h3 itemprop=\"name\" class=\"qodef-e-title entry-title\">\n\t\t\t<a itemprop=\"url\" class=\"qodef-e-title-link\" href=\"https:\/\/estheroyal.com\/tr\/estetik-cerrahi-bilmeniz-gerekenler\/\">\n\t\t\tEstetik Cerrahi: Bilmeniz Gerekenler\t\t\t<\/a>\n\t<\/h3>\n\t\t<p itemprop=\"description\" class=\"qodef-e-excerpt\">\n\t\t\tEstetik Cerrahi, Plastik Cerrahinin bir alt dal\u0131d\u0131r ve kozmetik cerrahi olarak da bilinir. Estetik Cerrahinin v\u00fccut par\u00e7alar\u0131n\u0131 ve i\u015flevini yitirmi\u015f dokular\u0131 canland\u0131rmak\t\t<\/p>\n\t\t\t\t<\/div>\n\t\t\t\t\t<\/div>\n\t<\/div>\n<\/article><article class=\"qodef-e qodef-grid-item qodef-item--full post-12855 post type-post status-publish format-standard has-post-thumbnail hentry category-kozmetik-cerrahi\">\n\t<div class=\"qodef-e-inner\">\n\t\t<div class=\"qodef-e-media\">\n\t\t<div class=\"qodef-e-media-image\">\n\t\t<a itemprop=\"url\" href=\"https:\/\/estheroyal.com\/tr\/yaslanmayi-durdurmak-icin-kusursuz-yuz-germe-teknigi\/\">\n\t\t\t<img decoding=\"async\" width=\"1280\" height=\"800\" src=\"https:\/\/estheroyal.com\/wp-content\/uploads\/2020\/03\/home3photo10.jpg\" class=\"attachment-full size-full wp-post-image\" alt=\"\" srcset=\"https:\/\/estheroyal.com\/wp-content\/uploads\/2020\/03\/home3photo10.jpg 1280w, https:\/\/estheroyal.com\/wp-content\/uploads\/2020\/03\/home3photo10-300x188.jpg 300w, https:\/\/estheroyal.com\/wp-content\/uploads\/2020\/03\/home3photo10-1024x640.jpg 1024w, https:\/\/estheroyal.com\/wp-content\/uploads\/2020\/03\/home3photo10-768x480.jpg 768w\" sizes=\"(max-width: 1280px) 100vw, 1280px\" \/>\t\t<\/a>\n\t<\/div>\n<\/div>\t\t<div class=\"qodef-e-content\">\n\t\t\t<div class=\"qodef-e-info qodef-info--top\">\n\t\t\t\t\n\t\t\t\t<div class=\"qodef-e-info-left\">\n\t\t\t\t\t<div itemprop=\"dateCreated\" class=\"qodef-e-info-item qodef-e-info-date entry-date \">\n\t<a itemprop=\"url\" href=\"https:\/\/estheroyal.com\/tr\/2022\/05\/\">May\u0131s 14, 2022<\/a>\n\t<meta itemprop=\"interactionCount\" content=\"UserComments: 0\"\/>\n<\/div><div class=\"qodef-e-info-item qodef-e-info-category\">\n\t<a href=\"https:\/\/estheroyal.com\/tr\/category\/kozmetik-cerrahi\/\" rel=\"category tag\">Kozmetik Cerrahi<\/a><\/div>\t\t\t\t<\/div>\n\t\t\t\t<div class=\"qodef-e-info-right\">\n\t\t\t\t\t\t<div class=\"qodef-e-info-item qodef-e-info-social-share\">\n\t\t<div class=\"qodef-shortcode qodef-m  qodef-social-share clear qodef-layout--list \">\t\t<ul class=\"qodef-shortcode-list\">\t\t\t<\/ul><\/div>\t<\/div>\n\n\n\n\n\t\t\t\t<\/div>\n\t\t\t<\/div>\n\t\t\t<div class=\"qodef-e-text\">\n\t\t\t\t<h3 itemprop=\"name\" class=\"qodef-e-title entry-title\">\n\t\t\t<a itemprop=\"url\" class=\"qodef-e-title-link\" href=\"https:\/\/estheroyal.com\/tr\/yaslanmayi-durdurmak-icin-kusursuz-yuz-germe-teknigi\/\">\n\t\t\tYa\u015flanmay\u0131 Durdurmak \u0130\u00e7in Kusursuz Y\u00fcz Germe Tekni\u011fi\t\t\t<\/a>\n\t<\/h3>\n\t\t<p itemprop=\"description\" class=\"qodef-e-excerpt\">\n\t\t\tG\u00fczellik, y\u00fczy\u0131llard\u0131r insanlar\u0131n en b\u00fcy\u00fck endi\u015felerinden biri olmu\u015ftur. \u00d6zellikle kad\u0131nlar i\u00e7in y\u00fcz b\u00f6lgesi olduk\u00e7a \u00f6nemlidir. Ya\u015flanma belirtileri ilk olarak y\u00fc\t\t<\/p>\n\t\t\t\t<\/div>\n\t\t\t\t\t<\/div>\n\t<\/div>\n<\/article><article class=\"qodef-e qodef-grid-item qodef-item--full post-12861 post type-post status-publish format-standard has-post-thumbnail hentry category-saglik-turizmi\">\n\t<div class=\"qodef-e-inner\">\n\t\t<div class=\"qodef-e-media\">\n\t\t<div class=\"qodef-e-media-image\">\n\t\t<a itemprop=\"url\" href=\"https:\/\/estheroyal.com\/tr\/turkiye-neden-saglik-turizmi-icin-ideal-bir-konumdur\/\">\n\t\t\t<img decoding=\"async\" width=\"1280\" height=\"800\" src=\"https:\/\/estheroyal.com\/wp-content\/uploads\/2022\/07\/turkey-health-tourism-e1667669273817.png\" class=\"attachment-full size-full wp-post-image\" alt=\"\" srcset=\"https:\/\/estheroyal.com\/wp-content\/uploads\/2022\/07\/turkey-health-tourism-e1667669273817.png 1280w, https:\/\/estheroyal.com\/wp-content\/uploads\/2022\/07\/turkey-health-tourism-e1667669273817-300x188.png 300w, https:\/\/estheroyal.com\/wp-content\/uploads\/2022\/07\/turkey-health-tourism-e1667669273817-1024x640.png 1024w, https:\/\/estheroyal.com\/wp-content\/uploads\/2022\/07\/turkey-health-tourism-e1667669273817-768x480.png 768w\" sizes=\"(max-width: 1280px) 100vw, 1280px\" \/>\t\t<\/a>\n\t<\/div>\n<\/div>\t\t<div class=\"qodef-e-content\">\n\t\t\t<div class=\"qodef-e-info qodef-info--top\">\n\t\t\t\t\n\t\t\t\t<div class=\"qodef-e-info-left\">\n\t\t\t\t\t<div itemprop=\"dateCreated\" class=\"qodef-e-info-item qodef-e-info-date entry-date \">\n\t<a itemprop=\"url\" href=\"https:\/\/estheroyal.com\/tr\/2022\/07\/\">Temmuz 18, 2022<\/a>\n\t<meta itemprop=\"interactionCount\" content=\"UserComments: 0\"\/>\n<\/div><div class=\"qodef-e-info-item qodef-e-info-category\">\n\t<a href=\"https:\/\/estheroyal.com\/tr\/category\/saglik-turizmi\/\" rel=\"category tag\">Sa\u011fl\u0131k Turizmi<\/a><\/div>\t\t\t\t<\/div>\n\t\t\t\t<div class=\"qodef-e-info-right\">\n\t\t\t\t\t\t<div class=\"qodef-e-info-item qodef-e-info-social-share\">\n\t\t<div class=\"qodef-shortcode qodef-m  qodef-social-share clear qodef-layout--list \">\t\t<ul class=\"qodef-shortcode-list\">\t\t\t<\/ul><\/div>\t<\/div>\n\n\n\n\n\t\t\t\t<\/div>\n\t\t\t<\/div>\n\t\t\t<div class=\"qodef-e-text\">\n\t\t\t\t<h3 itemprop=\"name\" class=\"qodef-e-title entry-title\">\n\t\t\t<a itemprop=\"url\" class=\"qodef-e-title-link\" href=\"https:\/\/estheroyal.com\/tr\/turkiye-neden-saglik-turizmi-icin-ideal-bir-konumdur\/\">\n\t\t\tT\u00fcrkiye Neden Sa\u011fl\u0131k Turizmi \u0130\u00e7in \u0130deal Bir Konumdur?\t\t\t<\/a>\n\t<\/h3>\n\t\t<p itemprop=\"description\" class=\"qodef-e-excerpt\">\n\t\t\tSa\u011fl\u0131k turizmi, ki\u015finin ya\u015fad\u0131\u011f\u0131 yerden ba\u015fka bir yere sa\u011fl\u0131\u011f\u0131n\u0131 korumak, geli\u015ftirmek ve hastal\u0131klar\u0131 tedavi etmek amac\u0131yla seyahat etmesi ve gitti\u011fi yerde en az \t\t<\/p>\n\t\t\t\t<\/div>\n\t\t\t\t\t<\/div>\n\t<\/div>\n<\/article><article class=\"qodef-e qodef-grid-item qodef-item--full post-13101 post type-post status-publish format-standard has-post-thumbnail hentry category-saglik\">\n\t<div class=\"qodef-e-inner\">\n\t\t<div class=\"qodef-e-media\">\n\t\t<div class=\"qodef-e-media-image\">\n\t\t<a itemprop=\"url\" href=\"https:\/\/estheroyal.com\/tr\/oftalmolojide-eksimer-lazer-nedir\/\">\n\t\t\t<img loading=\"lazy\" decoding=\"async\" width=\"1280\" height=\"800\" src=\"https:\/\/estheroyal.com\/wp-content\/uploads\/2022\/09\/eye-laser-1-e1667669310809.png\" class=\"attachment-full size-full wp-post-image\" alt=\"\" srcset=\"https:\/\/estheroyal.com\/wp-content\/uploads\/2022\/09\/eye-laser-1-e1667669310809.png 1280w, https:\/\/estheroyal.com\/wp-content\/uploads\/2022\/09\/eye-laser-1-e1667669310809-300x188.png 300w, https:\/\/estheroyal.com\/wp-content\/uploads\/2022\/09\/eye-laser-1-e1667669310809-1024x640.png 1024w, https:\/\/estheroyal.com\/wp-content\/uploads\/2022\/09\/eye-laser-1-e1667669310809-768x480.png 768w\" sizes=\"(max-width: 1280px) 100vw, 1280px\" \/>\t\t<\/a>\n\t<\/div>\n<\/div>\t\t<div class=\"qodef-e-content\">\n\t\t\t<div class=\"qodef-e-info qodef-info--top\">\n\t\t\t\t\n\t\t\t\t<div class=\"qodef-e-info-left\">\n\t\t\t\t\t<div itemprop=\"dateCreated\" class=\"qodef-e-info-item qodef-e-info-date entry-date \">\n\t<a itemprop=\"url\" href=\"https:\/\/estheroyal.com\/tr\/2022\/09\/\">Eyl\u00fcl 18, 2022<\/a>\n\t<meta itemprop=\"interactionCount\" content=\"UserComments: 0\"\/>\n<\/div><div class=\"qodef-e-info-item qodef-e-info-category\">\n\t<a href=\"https:\/\/estheroyal.com\/tr\/category\/saglik\/\" rel=\"category tag\">Sa\u011fl\u0131k<\/a><\/div>\t\t\t\t<\/div>\n\t\t\t\t<div class=\"qodef-e-info-right\">\n\t\t\t\t\t\t<div class=\"qodef-e-info-item qodef-e-info-social-share\">\n\t\t<div class=\"qodef-shortcode qodef-m  qodef-social-share clear qodef-layout--list \">\t\t<ul class=\"qodef-shortcode-list\">\t\t\t<\/ul><\/div>\t<\/div>\n\n\n\n\n\t\t\t\t<\/div>\n\t\t\t<\/div>\n\t\t\t<div class=\"qodef-e-text\">\n\t\t\t\t<h3 itemprop=\"name\" class=\"qodef-e-title entry-title\">\n\t\t\t<a itemprop=\"url\" class=\"qodef-e-title-link\" href=\"https:\/\/estheroyal.com\/tr\/oftalmolojide-eksimer-lazer-nedir\/\">\n\t\t\tOftalmolojide Eksimer Lazer Nedir?\t\t\t<\/a>\n\t<\/h3>\n\t\t<p itemprop=\"description\" class=\"qodef-e-excerpt\">\n\t\t\tEksimer lazer tamamen bilgisayar kontroll\u00fc cihazlar kullan\u0131larak kornean\u0131n \u015feklinin de\u011fi\u015ftirilerek var olan odaklama ve k\u0131rma kusurlar\u0131n\u0131n ortadan kald\u0131r\u0131ld\u0131\u011f\u0131 bir i?\t\t<\/p>\n\t\t\t\t<\/div>\n\t\t\t\t\t<\/div>\n\t<\/div>\n<\/article>\t<\/div>\n\t<\/div>\t\t\t\t<\/div>\n\t\t\t\t<\/div>\n\t\t\t\t\t<\/div>\n\t\t<\/div>\n\t\t\t\t\t<\/div>\n\t\t<\/section>\n\t\t\t\t<\/div>\n\t\t","protected":false},"excerpt":{"rendered":"<p>February 18, 2022 Uncategorized Cosmetic surgery: What you should know Cosmetic Surgery is a sub-branch of Plastic Surgery and is also known as aesthetic surgery. Plastic Surgery has a function such as revitalizing body parts and tissues that have los May 14, 2022 Uncategorized Flawless facelift technique for arresting aging Beauty has been one of [&hellip;]<\/p>\n","protected":false},"author":1,"featured_media":11637,"parent":0,"menu_order":0,"comment_status":"closed","ping_status":"closed","template":"","meta":{"footnotes":""},"class_list":["post-12116","page","type-page","status-publish","has-post-thumbnail","hentry"],"_links":{"self":[{"href":"https:\/\/estheroyal.com\/tr\/wp-json\/wp\/v2\/pages\/12116","targetHints":{"allow":["GET"]}}],"collection":[{"href":"https:\/\/estheroyal.com\/tr\/wp-json\/wp\/v2\/pages"}],"about":[{"href":"https:\/\/estheroyal.com\/tr\/wp-json\/wp\/v2\/types\/page"}],"author":[{"embeddable":true,"href":"https:\/\/estheroyal.com\/tr\/wp-json\/wp\/v2\/users\/1"}],"replies":[{"embeddable":true,"href":"https:\/\/estheroyal.com\/tr\/wp-json\/wp\/v2\/comments?post=12116"}],"version-history":[{"count":0,"href":"https:\/\/estheroyal.com\/tr\/wp-json\/wp\/v2\/pages\/12116\/revisions"}],"wp:featuredmedia":[{"embeddable":true,"href":"https:\/\/estheroyal.com\/tr\/wp-json\/wp\/v2\/media\/11637"}],"wp:attachment":[{"href":"https:\/\/estheroyal.com\/tr\/wp-json\/wp\/v2\/media?parent=12116"}],"curies":[{"name":"wp","href":"https:\/\/api.w.org\/{rel}","templated":true}]}}